{"id":1643,"date":"2025-09-10T12:19:36","date_gmt":"2025-09-10T12:19:36","guid":{"rendered":"https:\/\/grpe-alt.com\/gap1\/?page_id=1643"},"modified":"2025-09-10T14:43:01","modified_gmt":"2025-09-10T14:43:01","slug":"huile-artisanale","status":"publish","type":"page","link":"https:\/\/grpe-alt.com\/gap1\/huile-artisanale\/","title":{"rendered":"D\u00e9couvrez : huile artisanale du Moulin Victor en Provence : l\u2019excellence au naturel"},"content":{"rendered":"\n<p>D\u00e9couvrez l\u2019authenticit\u00e9 de jouet club d\u2019une huile d\u2019olive bio et artisanale, \u00e9labor\u00e9e au c\u0153ur de la <a href=\"https:\/\/www.la-provence-verte.net\/\">Provence<\/a> avec passion et savoir-faire. Une exp\u00e9rience gustative unique qui sublime vos plats tout en respectant la nature.<\/p>\n\n\n\n<div class=\"wp-block-columns is-layout-flex wp-container-core-columns-is-layout-28f84493 wp-block-columns-is-layout-flex\">\n<div class=\"wp-block-column is-layout-flow wp-block-column-is-layout-flow\">\n<h2 class=\"wp-block-heading\">Pourquoi choisir notre huile artisanale du Moulin Victor ?<\/h2>\n\n\n\n<p>Le <strong>Moulin Victor<\/strong>, situ\u00e9 dans les Hautes-Provence, perp\u00e9tue un savoir-faire familial transmis depuis plusieurs g\u00e9n\u00e9rations. Chaque goutte<\/p>\n\n\n\n<p> de notre huile est le fruit d\u2019une r\u00e9colte manuelle et d\u2019une extraction \u00e0 froid, garantissant une qualit\u00e9 irr\u00e9prochable et un go\u00fbt riche en ar\u00f4mes. Notre d\u00e9marche artisanale met \u00e0 l\u2019honneur la tradition proven\u00e7ale et l\u2019exigence de produits 100 % naturels.<\/p>\n<\/div>\n\n\n\n<div class=\"wp-block-column is-layout-flow wp-block-column-is-layout-flow\">\n<figure class=\"wp-block-embed is-type-video is-provider-youtube wp-block-embed-youtube wp-embed-aspect-16-9 wp-has-aspect-ratio\"><div class=\"wp-block-embed__wrapper\">\n<iframe loading=\"lazy\" title=\"L&#039;HUILE D&#039;OLIVE FRAN\u00c7AISE 100% NATURELLE DU MOULIN DES MOINES\" width=\"500\" height=\"281\" src=\"https:\/\/www.youtube.com\/embed\/3Mgk4hga6hQ?feature=oembed\" frameborder=\"0\" allow=\"accelerometer; autoplay; clipboard-write; encrypted-media; gyroscope; picture-in-picture; web-share\" referrerpolicy=\"strict-origin-when-cross-origin\" allowfullscreen><\/iframe>\n<\/div><\/figure>\n<\/div>\n<\/div>\n\n\n\n<h2 class=\"wp-block-heading has-text-align-center\">Les bienfaits uniques de notre huile artisanale<\/h2>\n\n\n\n<div class=\"wp-block-columns is-layout-flex wp-container-core-columns-is-layout-28f84493 wp-block-columns-is-layout-flex\">\n<div class=\"wp-block-column is-layout-flow wp-block-column-is-layout-flow\">\n<h3 class=\"wp-block-heading has-text-align-center\">Une saveur authentique et raffin\u00e9e<\/h3>\n\n\n\n<p class=\"has-text-align-center\">Notre huile d\u2019olive r\u00e9v\u00e8le un go\u00fbt fruit\u00e9, \u00e9quilibr\u00e9 et d\u00e9licat, parfait pour accompagner vos salades, plats m\u00e9diterran\u00e9ens ou simplement une tranche de pain frais. Elle transforme chaque repas en un moment de plaisir et de convivialit\u00e9.<\/p>\n<\/div>\n\n\n\n<div class=\"wp-block-column is-layout-flow wp-block-column-is-layout-flow\">\n<h3 class=\"wp-block-heading has-text-align-center\">Un tr\u00e9sor pour votre sant\u00e9<\/h3>\n\n\n\n<p class=\"has-text-align-center\">Riche en antioxydants et en acides gras essentiels, l\u2019huile d\u2019olive du Moulin Victor participe \u00e0 votre bien-\u00eatre au quotidien. Elle contribue \u00e0 prot\u00e9ger votre c\u0153ur, \u00e0 renforcer votre syst\u00e8me immunitaire et \u00e0 pr\u00e9server la jeunesse de votre peau.<\/p>\n<\/div>\n<\/div>\n\n\n\n<h2 class=\"wp-block-heading has-text-align-center\">D\u00e9couvrez notre huile artisanale<\/h2>\n\n\n\n<div class=\"wp-block-columns is-layout-flex wp-container-core-columns-is-layout-28f84493 wp-block-columns-is-layout-flex\">\n<div class=\"wp-block-column is-layout-flow wp-block-column-is-layout-flow\">\n<h3 class=\"wp-block-heading has-text-align-center\">huile artisanale grecque<\/h3>\n\n\n\n<figure class=\"wp-block-image size-full\"><img loading=\"lazy\" decoding=\"async\" width=\"800\" height=\"800\" src=\"https:\/\/grpe-alt.com\/gap1\/wp-content\/uploads\/2024\/10\/la_olive_box_800x800.jpg\" alt=\"huile d'olive artisanale\" class=\"wp-image-726\" srcset=\"https:\/\/grpe-alt.com\/gap1\/wp-content\/uploads\/2024\/10\/la_olive_box_800x800.jpg 800w, https:\/\/grpe-alt.com\/gap1\/wp-content\/uploads\/2024\/10\/la_olive_box_800x800-300x300.jpg 300w, https:\/\/grpe-alt.com\/gap1\/wp-content\/uploads\/2024\/10\/la_olive_box_800x800-150x150.jpg 150w, https:\/\/grpe-alt.com\/gap1\/wp-content\/uploads\/2024\/10\/la_olive_box_800x800-768x768.jpg 768w\" sizes=\"auto, (max-width: 800px) 100vw, 800px\" \/><\/figure>\n\n\n\n<p class=\"has-text-align-center\">un parfum intense et ensoleill\u00e9 qui vous transporte directement au c\u0153ur de la M\u00e9diterran\u00e9e.<\/p>\n<\/div>\n\n\n\n<div class=\"wp-block-column is-layout-flow wp-block-column-is-layout-flow\">\n<h3 class=\"wp-block-heading has-text-align-center\"><strong>huile artisanale de Provence<\/strong><\/h3>\n\n\n\n<figure class=\"wp-block-image size-full\"><img loading=\"lazy\" decoding=\"async\" width=\"800\" height=\"800\" src=\"https:\/\/grpe-alt.com\/gap1\/wp-content\/uploads\/2024\/10\/bouteille-huile-d-olive-50-cl.jpg\" alt=\"huile d'olive artisanale\" class=\"wp-image-725\" srcset=\"https:\/\/grpe-alt.com\/gap1\/wp-content\/uploads\/2024\/10\/bouteille-huile-d-olive-50-cl.jpg 800w, https:\/\/grpe-alt.com\/gap1\/wp-content\/uploads\/2024\/10\/bouteille-huile-d-olive-50-cl-300x300.jpg 300w, https:\/\/grpe-alt.com\/gap1\/wp-content\/uploads\/2024\/10\/bouteille-huile-d-olive-50-cl-150x150.jpg 150w, https:\/\/grpe-alt.com\/gap1\/wp-content\/uploads\/2024\/10\/bouteille-huile-d-olive-50-cl-768x768.jpg 768w\" sizes=\"auto, (max-width: 800px) 100vw, 800px\" \/><\/figure>\n\n\n\n<p class=\"has-text-align-center\">un v\u00e9ritable concentr\u00e9 de terroir, douce et parfum\u00e9e, id\u00e9ale pour une cuisine saine et gourmande.<\/p>\n<\/div>\n<\/div>\n\n\n\n<p>D\u00e9couvrez l\u2019authenticit\u00e9 d\u2019une huile d\u2019olive bio et artisanale, \u00e9labor\u00e9e au c\u0153ur de la Provence avec passion et savoir-faire. Une exp\u00e9rience gustative unique qui sublime vos plats tout en respectant la nature.<\/p>\n","protected":false},"excerpt":{"rendered":"<p>D\u00e9couvrez l\u2019authenticit\u00e9 de jouet club d\u2019une huile d\u2019olive bio et artisanale, \u00e9labor\u00e9e au c\u0153ur de la Provence avec passion et savoir-faire. Une exp\u00e9rience gustative unique qui sublime vos plats tout en respectant la nature. Pourquoi choisir notre huile artisanale du Moulin Victor ? Le Moulin Victor, situ\u00e9 dans les Hautes-Provence, perp\u00e9tue un savoir-faire familial transmis [&hellip;]<\/p>\n","protected":false},"author":1,"featured_media":185,"parent":0,"menu_order":0,"comment_status":"closed","ping_status":"closed","template":"","meta":{"_uag_custom_page_level_css":"","site-sidebar-layout":"default","site-content-layout":"","ast-site-content-layout":"default","site-content-style":"default","site-sidebar-style":"default","ast-global-header-display":"","ast-banner-title-visibility":"","ast-main-header-display":"","ast-hfb-above-header-display":"","ast-hfb-below-header-display":"","ast-hfb-mobile-header-display":"","site-post-title":"","ast-breadcrumbs-content":"","ast-featured-img":"","footer-sml-layout":"","ast-disable-related-posts":"","theme-transparent-header-meta":"","adv-header-id-meta":"","stick-header-meta":"","header-above-stick-meta":"","header-main-stick-meta":"","header-below-stick-meta":"","astra-migrate-meta-layouts":"default","ast-page-background-enabled":"default","ast-page-background-meta":{"desktop":{"background-color":"var(--ast-global-color-4)","background-image":"","background-repeat":"repeat","background-position":"center center","background-size":"auto","background-attachment":"scroll","background-type":"","background-media":"","overlay-type":"","overlay-color":"","overlay-opacity":"","overlay-gradient":""},"tablet":{"background-color":"","background-image":"","background-repeat":"repeat","background-position":"center center","background-size":"auto","background-attachment":"scroll","background-type":"","background-media":"","overlay-type":"","overlay-color":"","overlay-opacity":"","overlay-gradient":""},"mobile":{"background-color":"","background-image":"","background-repeat":"repeat","background-position":"center center","background-size":"auto","background-attachment":"scroll","background-type":"","background-media":"","overlay-type":"","overlay-color":"","overlay-opacity":"","overlay-gradient":""}},"ast-content-background-meta":{"desktop":{"background-color":"var(--ast-global-color-5)","background-image":"","background-repeat":"repeat","background-position":"center center","background-size":"auto","background-attachment":"scroll","background-type":"","background-media":"","overlay-type":"","overlay-color":"","overlay-opacity":"","overlay-gradient":""},"tablet":{"background-color":"var(--ast-global-color-5)","background-image":"","background-repeat":"repeat","background-position":"center center","background-size":"auto","background-attachment":"scroll","background-type":"","background-media":"","overlay-type":"","overlay-color":"","overlay-opacity":"","overlay-gradient":""},"mobile":{"background-color":"var(--ast-global-color-5)","background-image":"","background-repeat":"repeat","background-position":"center center","background-size":"auto","background-attachment":"scroll","background-type":"","background-media":"","overlay-type":"","overlay-color":"","overlay-opacity":"","overlay-gradient":""}},"footnotes":""},"class_list":["post-1643","page","type-page","status-publish","has-post-thumbnail","hentry"],"uagb_featured_image_src":{"full":["https:\/\/grpe-alt.com\/gap1\/wp-content\/uploads\/2022\/09\/nazar-hrabovyi-lIuxlN0zSjs-unsplash-scaled-e1664444696466.jpg",1250,833,false],"thumbnail":["https:\/\/grpe-alt.com\/gap1\/wp-content\/uploads\/2022\/09\/nazar-hrabovyi-lIuxlN0zSjs-unsplash-scaled-e1664444696466-150x150.jpg",150,150,true],"medium":["https:\/\/grpe-alt.com\/gap1\/wp-content\/uploads\/2022\/09\/nazar-hrabovyi-lIuxlN0zSjs-unsplash-scaled-e1664444696466-300x200.jpg",300,200,true],"medium_large":["https:\/\/grpe-alt.com\/gap1\/wp-content\/uploads\/2022\/09\/nazar-hrabovyi-lIuxlN0zSjs-unsplash-scaled-e1664444696466-768x512.jpg",768,512,true],"large":["https:\/\/grpe-alt.com\/gap1\/wp-content\/uploads\/2022\/09\/nazar-hrabovyi-lIuxlN0zSjs-unsplash-scaled-e1664444696466-1024x682.jpg",1024,682,true],"1536x1536":["https:\/\/grpe-alt.com\/gap1\/wp-content\/uploads\/2022\/09\/nazar-hrabovyi-lIuxlN0zSjs-unsplash-1536x1024.jpg",1536,1024,true],"2048x2048":["https:\/\/grpe-alt.com\/gap1\/wp-content\/uploads\/2022\/09\/nazar-hrabovyi-lIuxlN0zSjs-unsplash-2048x1365.jpg",2048,1365,true]},"uagb_author_info":{"display_name":"apa16","author_link":"https:\/\/grpe-alt.com\/gap1\/author\/apa16\/"},"uagb_comment_info":0,"uagb_excerpt":"D\u00e9couvrez l\u2019authenticit\u00e9 de jouet club d\u2019une huile d\u2019olive bio et artisanale, \u00e9labor\u00e9e au c\u0153ur de la Provence avec passion et savoir-faire. Une exp\u00e9rience gustative unique qui sublime vos plats tout en respectant la nature. Pourquoi choisir notre huile artisanale du Moulin Victor ? Le Moulin Victor, situ\u00e9 dans les Hautes-Provence, perp\u00e9tue un savoir-faire familial transmis\u2026","_links":{"self":[{"href":"https:\/\/grpe-alt.com\/gap1\/wp-json\/wp\/v2\/pages\/1643","targetHints":{"allow":["GET"]}}],"collection":[{"href":"https:\/\/grpe-alt.com\/gap1\/wp-json\/wp\/v2\/pages"}],"about":[{"href":"https:\/\/grpe-alt.com\/gap1\/wp-json\/wp\/v2\/types\/page"}],"author":[{"embeddable":true,"href":"https:\/\/grpe-alt.com\/gap1\/wp-json\/wp\/v2\/users\/1"}],"replies":[{"embeddable":true,"href":"https:\/\/grpe-alt.com\/gap1\/wp-json\/wp\/v2\/comments?post=1643"}],"version-history":[{"count":24,"href":"https:\/\/grpe-alt.com\/gap1\/wp-json\/wp\/v2\/pages\/1643\/revisions"}],"predecessor-version":[{"id":1685,"href":"https:\/\/grpe-alt.com\/gap1\/wp-json\/wp\/v2\/pages\/1643\/revisions\/1685"}],"wp:featuredmedia":[{"embeddable":true,"href":"https:\/\/grpe-alt.com\/gap1\/wp-json\/wp\/v2\/media\/185"}],"wp:attachment":[{"href":"https:\/\/grpe-alt.com\/gap1\/wp-json\/wp\/v2\/media?parent=1643"}],"curies":[{"name":"wp","href":"https:\/\/api.w.org\/{rel}","templated":true}]}}