{"id":1713,"date":"2025-09-19T12:08:01","date_gmt":"2025-09-19T12:08:01","guid":{"rendered":"https:\/\/grpe-alt.com\/gap1\/?page_id=1713"},"modified":"2025-09-19T13:41:42","modified_gmt":"2025-09-19T13:41:42","slug":"decouvrez-huile-artisanale-du-moulin-victor-en-provence-lexcellence-au-naturel","status":"publish","type":"page","link":"https:\/\/grpe-alt.com\/gap1\/decouvrez-huile-artisanale-du-moulin-victor-en-provence-lexcellence-au-naturel\/","title":{"rendered":"D\u00e9couvrez : huile artisanale du Moulin Victor en Provence : l\u2019excellence au naturel"},"content":{"rendered":"\n<p>D\u00e9couvrez l\u2019authenticit\u00e9 de jouet club d\u2019une huile d\u2019olive bio et artisanale, \u00e9labor\u00e9e au c\u0153ur de la Provence avec passion et savoir-faire. Une exp\u00e9rience gustative unique qui sublime vos plats tout en respectant la nature.<\/p>\n\n\n\n<figure class=\"wp-block-embed is-type-video is-provider-youtube wp-block-embed-youtube wp-embed-aspect-16-9 wp-has-aspect-ratio\"><div class=\"wp-block-embed__wrapper\">\n<iframe loading=\"lazy\" title=\"Cette nouveaut\u00e9 de ChatGPT est juste r\u00e9volutionnaire\" width=\"500\" height=\"281\" src=\"https:\/\/www.youtube.com\/embed\/51xzrA34sl4?feature=oembed\" frameborder=\"0\" allow=\"accelerometer; autoplay; clipboard-write; encrypted-media; gyroscope; picture-in-picture; web-share\" referrerpolicy=\"strict-origin-when-cross-origin\" allowfullscreen><\/iframe>\n<\/div><\/figure>\n\n\n\n<p><\/p>\n\n\n\n<h2 class=\"wp-block-heading\">Pourquoi choisir notre huile artisanale du Moulin Victor ?<\/h2>\n\n\n\n<p>Le <strong>Moulin Victor<\/strong>, situ\u00e9 dans les Hautes-Provence, perp\u00e9tue un savoir-faire familial transmis depuis plusieurs g\u00e9n\u00e9rations. Chaque goutte de notre huile est le fruit d\u2019une r\u00e9colte manuelle et d\u2019une extraction \u00e0 froid, garantissant une qualit\u00e9 irr\u00e9prochable et un go\u00fbt riche en ar\u00f4mes. Notre d\u00e9marche artisanale met \u00e0 l\u2019honneur la tradition proven\u00e7ale et l\u2019exigence de produits 100 % naturels.<\/p>\n\n\n\n<figure class=\"wp-block-image size-large\"><img loading=\"lazy\" decoding=\"async\" width=\"1024\" height=\"616\" src=\"https:\/\/grpe-alt.com\/gap1\/wp-content\/uploads\/2024\/12\/pexels-conojeghuo-375904-1-1024x616.jpg\" alt=\"Des cookies artisanaux sur un \u00e9tale\" class=\"wp-image-1288\" srcset=\"https:\/\/grpe-alt.com\/gap1\/wp-content\/uploads\/2024\/12\/pexels-conojeghuo-375904-1-1024x616.jpg 1024w, https:\/\/grpe-alt.com\/gap1\/wp-content\/uploads\/2024\/12\/pexels-conojeghuo-375904-1-300x181.jpg 300w, https:\/\/grpe-alt.com\/gap1\/wp-content\/uploads\/2024\/12\/pexels-conojeghuo-375904-1-768x462.jpg 768w, https:\/\/grpe-alt.com\/gap1\/wp-content\/uploads\/2024\/12\/pexels-conojeghuo-375904-1-1536x925.jpg 1536w, https:\/\/grpe-alt.com\/gap1\/wp-content\/uploads\/2024\/12\/pexels-conojeghuo-375904-1-2048x1233.jpg 2048w\" sizes=\"auto, (max-width: 1024px) 100vw, 1024px\" \/><figcaption class=\"wp-element-caption\">Des cookies artisanaux lors d&rsquo;une exposition<\/figcaption><\/figure>\n\n\n\n<h2 class=\"wp-block-heading\">Les bienfaits uniques de notre huile artisanale<\/h2>\n\n\n\n<ul class=\"wp-block-list\">\n<li><em><strong>Une saveur authentique et raffin\u00e9e :<\/strong><\/em> Notre huile d\u2019olive r\u00e9v\u00e8le un go\u00fbt fruit\u00e9, \u00e9quilibr\u00e9 et d\u00e9licat, parfait pour accompagner vos salades, plats m\u00e9diterran\u00e9ens ou simplement une tranche de pain frais. Elle transforme chaque repas en un moment de plaisir et de convivialit\u00e9.<\/li>\n\n\n\n<li><strong>Un tr\u00e9sor pour votre sant\u00e9 :<\/strong> Riche en antioxydants et en acides gras essentiels, l\u2019huile d\u2019olive du Moulin Victor participe \u00e0 votre bien-\u00eatre au quotidien. Elle contribue \u00e0 prot\u00e9ger votre c\u0153ur, \u00e0 renforcer votre syst\u00e8me immunitaire et \u00e0 pr\u00e9server la jeunesse de votre peau.<\/li>\n<\/ul>\n\n\n\n<h2 class=\"wp-block-heading has-text-align-center\">Nos Services<\/h2>\n\n\n\n<div class=\"wp-block-columns is-layout-flex wp-container-core-columns-is-layout-28f84493 wp-block-columns-is-layout-flex\">\n<div class=\"wp-block-column is-layout-flow wp-block-column-is-layout-flow\">\n<h3 class=\"wp-block-heading has-text-align-center\">Huile Italienne<\/h3>\n\n\n\n<figure class=\"wp-block-image size-full\"><img loading=\"lazy\" decoding=\"async\" width=\"800\" height=\"800\" src=\"https:\/\/grpe-alt.com\/gap1\/wp-content\/uploads\/2024\/10\/huile-olive-vierge-extra-douce-bio-planete-500ml.jpg\" alt=\"huile d'olive artisanale\" class=\"wp-image-724\" srcset=\"https:\/\/grpe-alt.com\/gap1\/wp-content\/uploads\/2024\/10\/huile-olive-vierge-extra-douce-bio-planete-500ml.jpg 800w, https:\/\/grpe-alt.com\/gap1\/wp-content\/uploads\/2024\/10\/huile-olive-vierge-extra-douce-bio-planete-500ml-300x300.jpg 300w, https:\/\/grpe-alt.com\/gap1\/wp-content\/uploads\/2024\/10\/huile-olive-vierge-extra-douce-bio-planete-500ml-150x150.jpg 150w, https:\/\/grpe-alt.com\/gap1\/wp-content\/uploads\/2024\/10\/huile-olive-vierge-extra-douce-bio-planete-500ml-768x768.jpg 768w\" sizes=\"auto, (max-width: 800px) 100vw, 800px\" \/><\/figure>\n\n\n\n<p class=\"has-text-align-center\">un parfum intense et ensoleill\u00e9 qui vous transporte directement au c\u0153ur de la M\u00e9diterran\u00e9e.<\/p>\n\n\n\n<div class=\"wp-block-buttons is-content-justification-center is-layout-flex wp-container-core-buttons-is-layout-a89b3969 wp-block-buttons-is-layout-flex\">\n<div class=\"wp-block-button\"><a class=\"wp-block-button__link wp-element-button\">Je d\u00e9couvre<\/a><\/div>\n<\/div>\n<\/div>\n\n\n\n<div class=\"wp-block-column is-layout-flow wp-block-column-is-layout-flow\"><\/div>\n<\/div>\n\n\n\n<p><\/p>\n","protected":false},"excerpt":{"rendered":"<p>D\u00e9couvrez l\u2019authenticit\u00e9 de jouet club d\u2019une huile d\u2019olive bio et artisanale, \u00e9labor\u00e9e au c\u0153ur de la Provence avec passion et savoir-faire. Une exp\u00e9rience gustative unique qui sublime vos plats tout en respectant la nature. Pourquoi choisir notre huile artisanale du Moulin Victor ? Le Moulin Victor, situ\u00e9 dans les Hautes-Provence, perp\u00e9tue un savoir-faire familial transmis [&hellip;]<\/p>\n","protected":false},"author":1,"featured_media":0,"parent":0,"menu_order":0,"comment_status":"closed","ping_status":"closed","template":"","meta":{"_uag_custom_page_level_css":"","site-sidebar-layout":"default","site-content-layout":"","ast-site-content-layout":"default","site-content-style":"default","site-sidebar-style":"default","ast-global-header-display":"","ast-banner-title-visibility":"","ast-main-header-display":"","ast-hfb-above-header-display":"","ast-hfb-below-header-display":"","ast-hfb-mobile-header-display":"","site-post-title":"","ast-breadcrumbs-content":"","ast-featured-img":"","footer-sml-layout":"","ast-disable-related-posts":"","theme-transparent-header-meta":"","adv-header-id-meta":"","stick-header-meta":"","header-above-stick-meta":"","header-main-stick-meta":"","header-below-stick-meta":"","astra-migrate-meta-layouts":"default","ast-page-background-enabled":"default","ast-page-background-meta":{"desktop":{"background-color":"var(--ast-global-color-4)","background-image":"","background-repeat":"repeat","background-position":"center center","background-size":"auto","background-attachment":"scroll","background-type":"","background-media":"","overlay-type":"","overlay-color":"","overlay-opacity":"","overlay-gradient":""},"tablet":{"background-color":"","background-image":"","background-repeat":"repeat","background-position":"center center","background-size":"auto","background-attachment":"scroll","background-type":"","background-media":"","overlay-type":"","overlay-color":"","overlay-opacity":"","overlay-gradient":""},"mobile":{"background-color":"","background-image":"","background-repeat":"repeat","background-position":"center center","background-size":"auto","background-attachment":"scroll","background-type":"","background-media":"","overlay-type":"","overlay-color":"","overlay-opacity":"","overlay-gradient":""}},"ast-content-background-meta":{"desktop":{"background-color":"var(--ast-global-color-5)","background-image":"","background-repeat":"repeat","background-position":"center center","background-size":"auto","background-attachment":"scroll","background-type":"","background-media":"","overlay-type":"","overlay-color":"","overlay-opacity":"","overlay-gradient":""},"tablet":{"background-color":"var(--ast-global-color-5)","background-image":"","background-repeat":"repeat","background-position":"center center","background-size":"auto","background-attachment":"scroll","background-type":"","background-media":"","overlay-type":"","overlay-color":"","overlay-opacity":"","overlay-gradient":""},"mobile":{"background-color":"var(--ast-global-color-5)","background-image":"","background-repeat":"repeat","background-position":"center center","background-size":"auto","background-attachment":"scroll","background-type":"","background-media":"","overlay-type":"","overlay-color":"","overlay-opacity":"","overlay-gradient":""}},"footnotes":""},"class_list":["post-1713","page","type-page","status-publish","hentry"],"uagb_featured_image_src":{"full":false,"thumbnail":false,"medium":false,"medium_large":false,"large":false,"1536x1536":false,"2048x2048":false},"uagb_author_info":{"display_name":"apa16","author_link":"https:\/\/grpe-alt.com\/gap1\/author\/apa16\/"},"uagb_comment_info":0,"uagb_excerpt":"D\u00e9couvrez l\u2019authenticit\u00e9 de jouet club d\u2019une huile d\u2019olive bio et artisanale, \u00e9labor\u00e9e au c\u0153ur de la Provence avec passion et savoir-faire. Une exp\u00e9rience gustative unique qui sublime vos plats tout en respectant la nature. Pourquoi choisir notre huile artisanale du Moulin Victor ? Le Moulin Victor, situ\u00e9 dans les Hautes-Provence, perp\u00e9tue un savoir-faire familial transmis\u2026","_links":{"self":[{"href":"https:\/\/grpe-alt.com\/gap1\/wp-json\/wp\/v2\/pages\/1713","targetHints":{"allow":["GET"]}}],"collection":[{"href":"https:\/\/grpe-alt.com\/gap1\/wp-json\/wp\/v2\/pages"}],"about":[{"href":"https:\/\/grpe-alt.com\/gap1\/wp-json\/wp\/v2\/types\/page"}],"author":[{"embeddable":true,"href":"https:\/\/grpe-alt.com\/gap1\/wp-json\/wp\/v2\/users\/1"}],"replies":[{"embeddable":true,"href":"https:\/\/grpe-alt.com\/gap1\/wp-json\/wp\/v2\/comments?post=1713"}],"version-history":[{"count":10,"href":"https:\/\/grpe-alt.com\/gap1\/wp-json\/wp\/v2\/pages\/1713\/revisions"}],"predecessor-version":[{"id":1731,"href":"https:\/\/grpe-alt.com\/gap1\/wp-json\/wp\/v2\/pages\/1713\/revisions\/1731"}],"wp:attachment":[{"href":"https:\/\/grpe-alt.com\/gap1\/wp-json\/wp\/v2\/media?parent=1713"}],"curies":[{"name":"wp","href":"https:\/\/api.w.org\/{rel}","templated":true}]}}