{"id":1814,"date":"2025-09-26T12:09:23","date_gmt":"2025-09-26T12:09:23","guid":{"rendered":"https:\/\/grpe-alt.com\/gap1\/?page_id=1814"},"modified":"2025-09-26T13:46:02","modified_gmt":"2025-09-26T13:46:02","slug":"huile-dolive-italienne-extra-vierge-saveur-authentique-ditalie","status":"publish","type":"page","link":"https:\/\/grpe-alt.com\/gap1\/huile-dolive-italienne-extra-vierge-saveur-authentique-ditalie\/","title":{"rendered":"Huile d&rsquo;olive italienne Vierge \u2013 Saveur Authentique d\u2019Italie"},"content":{"rendered":"\n<p>D\u00e9couvrez notre huile d&rsquo;olive italienne une d\u2019exception, issue d\u2019oliveraies traditionnelles dans notre <a href=\"https:\/\/www.provenceguide.com\/\">moulin de Provence<\/a> et press\u00e9e \u00e0 froid pour pr\u00e9server toute sa richesse aromatique. Un indispensable de la cuisine m\u00e9diterran\u00e9enne, alliant go\u00fbt raffin\u00e9 et bienfaits naturels.<\/p>\n\n\n\n<figure class=\"wp-block-image size-full\"><img loading=\"lazy\" decoding=\"async\" width=\"800\" height=\"800\" src=\"https:\/\/grpe-alt.com\/gap1\/wp-content\/uploads\/2024\/10\/la_olive_box_800x800.jpg\" alt=\"huile d'olive artisanale\" class=\"wp-image-726\" srcset=\"https:\/\/grpe-alt.com\/gap1\/wp-content\/uploads\/2024\/10\/la_olive_box_800x800.jpg 800w, https:\/\/grpe-alt.com\/gap1\/wp-content\/uploads\/2024\/10\/la_olive_box_800x800-300x300.jpg 300w, https:\/\/grpe-alt.com\/gap1\/wp-content\/uploads\/2024\/10\/la_olive_box_800x800-150x150.jpg 150w, https:\/\/grpe-alt.com\/gap1\/wp-content\/uploads\/2024\/10\/la_olive_box_800x800-768x768.jpg 768w\" sizes=\"auto, (max-width: 800px) 100vw, 800px\" \/><\/figure>\n\n\n\n<h2 class=\"wp-block-heading\">Description de notre huile d&rsquo;olive italienne<\/h2>\n\n\n\n<ul class=\"wp-block-list\">\n<li><strong>Origine 100% italienne<\/strong> : r\u00e9colt\u00e9e dans des oliveraies familiales en Italie.<\/li>\n\n\n\n<li><strong>Pression \u00e0 froid<\/strong> : m\u00e9thode artisanale garantissant fra\u00eecheur et ar\u00f4mes intenses.<\/li>\n\n\n\n<li><strong>Polyvalente en cuisine<\/strong> : id\u00e9ale pour assaisonner vos salades, sublimer vos plats chauds ou relever vos grillades.<\/li>\n\n\n\n<li><strong>Bienfaits naturels<\/strong> : riche en antioxydants et acides gras essentiels pour une alimentation \u00e9quilibr\u00e9e<\/li>\n<\/ul>\n\n\n\n<figure class=\"wp-block-embed is-type-video is-provider-youtube wp-block-embed-youtube wp-embed-aspect-16-9 wp-has-aspect-ratio\"><div class=\"wp-block-embed__wrapper\">\n<iframe loading=\"lazy\" title=\"L&#039;HUILE D&#039;OLIVE FRAN\u00c7AISE 100% NATURELLE DU MOULIN DES MOINES\" width=\"500\" height=\"281\" src=\"https:\/\/www.youtube.com\/embed\/3Mgk4hga6hQ?feature=oembed\" frameborder=\"0\" allow=\"accelerometer; autoplay; clipboard-write; encrypted-media; gyroscope; picture-in-picture; web-share\" referrerpolicy=\"strict-origin-when-cross-origin\" allowfullscreen><\/iframe>\n<\/div><\/figure>\n\n\n\n<p><\/p>\n\n\n\n<h3 class=\"wp-block-heading\">Passez \u00e0 l\u2019action d\u00e8s aujourd\u2019hui !<\/h3>\n\n\n\n<p>Offrez \u00e0 votre cuisine le go\u00fbt unique et authentique de l\u2019Italie. Cliquez ci-dessous pour commander votre bouteille d\u2019huile d\u2019olive italienne extra vierge et faites entrer la dolce vita dans vos plats du quotidien.<\/p>\n\n\n\n<div class=\"wp-block-buttons is-content-justification-center is-layout-flex wp-container-core-buttons-is-layout-a89b3969 wp-block-buttons-is-layout-flex\">\n<div class=\"wp-block-button\"><a class=\"wp-block-button__link wp-element-button\" href=\"https:\/\/grpe-alt.com\/gap1\/contact\/\">Devis Gratuit<\/a><\/div>\n<\/div>\n","protected":false},"excerpt":{"rendered":"<p>D\u00e9couvrez notre huile d&rsquo;olive italienne une d\u2019exception, issue d\u2019oliveraies traditionnelles dans notre moulin de Provence et press\u00e9e \u00e0 froid pour pr\u00e9server toute sa richesse aromatique. Un indispensable de la cuisine m\u00e9diterran\u00e9enne, alliant go\u00fbt raffin\u00e9 et bienfaits naturels. Description de notre huile d&rsquo;olive italienne Passez \u00e0 l\u2019action d\u00e8s aujourd\u2019hui ! Offrez \u00e0 votre cuisine le go\u00fbt [&hellip;]<\/p>\n","protected":false},"author":1,"featured_media":185,"parent":0,"menu_order":0,"comment_status":"closed","ping_status":"closed","template":"","meta":{"_uag_custom_page_level_css":"","site-sidebar-layout":"default","site-content-layout":"","ast-site-content-layout":"default","site-content-style":"default","site-sidebar-style":"default","ast-global-header-display":"","ast-banner-title-visibility":"","ast-main-header-display":"","ast-hfb-above-header-display":"","ast-hfb-below-header-display":"","ast-hfb-mobile-header-display":"","site-post-title":"","ast-breadcrumbs-content":"","ast-featured-img":"","footer-sml-layout":"","ast-disable-related-posts":"","theme-transparent-header-meta":"","adv-header-id-meta":"","stick-header-meta":"","header-above-stick-meta":"","header-main-stick-meta":"","header-below-stick-meta":"","astra-migrate-meta-layouts":"default","ast-page-background-enabled":"default","ast-page-background-meta":{"desktop":{"background-color":"var(--ast-global-color-4)","background-image":"","background-repeat":"repeat","background-position":"center center","background-size":"auto","background-attachment":"scroll","background-type":"","background-media":"","overlay-type":"","overlay-color":"","overlay-opacity":"","overlay-gradient":""},"tablet":{"background-color":"","background-image":"","background-repeat":"repeat","background-position":"center center","background-size":"auto","background-attachment":"scroll","background-type":"","background-media":"","overlay-type":"","overlay-color":"","overlay-opacity":"","overlay-gradient":""},"mobile":{"background-color":"","background-image":"","background-repeat":"repeat","background-position":"center center","background-size":"auto","background-attachment":"scroll","background-type":"","background-media":"","overlay-type":"","overlay-color":"","overlay-opacity":"","overlay-gradient":""}},"ast-content-background-meta":{"desktop":{"background-color":"var(--ast-global-color-5)","background-image":"","background-repeat":"repeat","background-position":"center center","background-size":"auto","background-attachment":"scroll","background-type":"","background-media":"","overlay-type":"","overlay-color":"","overlay-opacity":"","overlay-gradient":""},"tablet":{"background-color":"var(--ast-global-color-5)","background-image":"","background-repeat":"repeat","background-position":"center center","background-size":"auto","background-attachment":"scroll","background-type":"","background-media":"","overlay-type":"","overlay-color":"","overlay-opacity":"","overlay-gradient":""},"mobile":{"background-color":"var(--ast-global-color-5)","background-image":"","background-repeat":"repeat","background-position":"center center","background-size":"auto","background-attachment":"scroll","background-type":"","background-media":"","overlay-type":"","overlay-color":"","overlay-opacity":"","overlay-gradient":""}},"footnotes":""},"class_list":["post-1814","page","type-page","status-publish","has-post-thumbnail","hentry"],"uagb_featured_image_src":{"full":["https:\/\/grpe-alt.com\/gap1\/wp-content\/uploads\/2022\/09\/nazar-hrabovyi-lIuxlN0zSjs-unsplash-scaled-e1664444696466.jpg",1250,833,false],"thumbnail":["https:\/\/grpe-alt.com\/gap1\/wp-content\/uploads\/2022\/09\/nazar-hrabovyi-lIuxlN0zSjs-unsplash-scaled-e1664444696466-150x150.jpg",150,150,true],"medium":["https:\/\/grpe-alt.com\/gap1\/wp-content\/uploads\/2022\/09\/nazar-hrabovyi-lIuxlN0zSjs-unsplash-scaled-e1664444696466-300x200.jpg",300,200,true],"medium_large":["https:\/\/grpe-alt.com\/gap1\/wp-content\/uploads\/2022\/09\/nazar-hrabovyi-lIuxlN0zSjs-unsplash-scaled-e1664444696466-768x512.jpg",768,512,true],"large":["https:\/\/grpe-alt.com\/gap1\/wp-content\/uploads\/2022\/09\/nazar-hrabovyi-lIuxlN0zSjs-unsplash-scaled-e1664444696466-1024x682.jpg",1024,682,true],"1536x1536":["https:\/\/grpe-alt.com\/gap1\/wp-content\/uploads\/2022\/09\/nazar-hrabovyi-lIuxlN0zSjs-unsplash-1536x1024.jpg",1536,1024,true],"2048x2048":["https:\/\/grpe-alt.com\/gap1\/wp-content\/uploads\/2022\/09\/nazar-hrabovyi-lIuxlN0zSjs-unsplash-2048x1365.jpg",2048,1365,true]},"uagb_author_info":{"display_name":"apa16","author_link":"https:\/\/grpe-alt.com\/gap1\/author\/apa16\/"},"uagb_comment_info":0,"uagb_excerpt":"D\u00e9couvrez notre huile d&rsquo;olive italienne une d\u2019exception, issue d\u2019oliveraies traditionnelles dans notre moulin de Provence et press\u00e9e \u00e0 froid pour pr\u00e9server toute sa richesse aromatique. Un indispensable de la cuisine m\u00e9diterran\u00e9enne, alliant go\u00fbt raffin\u00e9 et bienfaits naturels. Description de notre huile d&rsquo;olive italienne Passez \u00e0 l\u2019action d\u00e8s aujourd\u2019hui ! Offrez \u00e0 votre cuisine le go\u00fbt\u2026","_links":{"self":[{"href":"https:\/\/grpe-alt.com\/gap1\/wp-json\/wp\/v2\/pages\/1814","targetHints":{"allow":["GET"]}}],"collection":[{"href":"https:\/\/grpe-alt.com\/gap1\/wp-json\/wp\/v2\/pages"}],"about":[{"href":"https:\/\/grpe-alt.com\/gap1\/wp-json\/wp\/v2\/types\/page"}],"author":[{"embeddable":true,"href":"https:\/\/grpe-alt.com\/gap1\/wp-json\/wp\/v2\/users\/1"}],"replies":[{"embeddable":true,"href":"https:\/\/grpe-alt.com\/gap1\/wp-json\/wp\/v2\/comments?post=1814"}],"version-history":[{"count":18,"href":"https:\/\/grpe-alt.com\/gap1\/wp-json\/wp\/v2\/pages\/1814\/revisions"}],"predecessor-version":[{"id":1839,"href":"https:\/\/grpe-alt.com\/gap1\/wp-json\/wp\/v2\/pages\/1814\/revisions\/1839"}],"wp:featuredmedia":[{"embeddable":true,"href":"https:\/\/grpe-alt.com\/gap1\/wp-json\/wp\/v2\/media\/185"}],"wp:attachment":[{"href":"https:\/\/grpe-alt.com\/gap1\/wp-json\/wp\/v2\/media?parent=1814"}],"curies":[{"name":"wp","href":"https:\/\/api.w.org\/{rel}","templated":true}]}}