{"id":630,"date":"2024-10-29T08:30:25","date_gmt":"2024-10-29T08:30:25","guid":{"rendered":"https:\/\/grpe-alt.com\/gap1\/?page_id=630"},"modified":"2026-01-29T07:53:08","modified_gmt":"2026-01-29T07:53:08","slug":"huile-olive-artisanale-2","status":"publish","type":"page","link":"https:\/\/grpe-alt.com\/gap1\/huile-olive-artisanale-2\/","title":{"rendered":"Accueil"},"content":{"rendered":"\n<div class=\"wp-block-uagb-container uagb-block-9d6846b8 alignfull uagb-is-root-container\"><div class=\"uagb-container-inner-blocks-wrap\">\n<div data-aos= \"slide-right\" data-aos-duration=\"400\" data-aos-delay=\"0\" data-aos-easing=\"ease\" data-aos-once=\"true\" class=\"wp-block-uagb-call-to-action uagb-block-19859c7f wp-block-button\"><div class=\"uagb-cta__wrap\"><h1 class=\"uagb-cta__title\">Moulin Victor : L&rsquo;Art de l&rsquo;huile d&rsquo;olive artisanale en Haute Provence<\/h1><p class=\"uagb-cta__desc\">Bienvenue au Moulin Victor, o\u00f9 la tradition proven\u00e7ale rencontre l&rsquo;excellence artisanale. D\u00e9couvrez notre huile d&rsquo;olive artisanale unique, fruit de savoir-faire authentique et du terroir de la Haute Provence.<\/p><\/div><div class=\"uagb-cta__buttons\"><a href=\"https:\/\/grpe-alt.com\/gap1\/lequipe\/\" class=\"uagb-cta__button-link-wrapper wp-block-button__link\" target=\"_self\" rel=\"noopener noreferrer\">Je d\u00e9couvre<svg xmlns=\"https:\/\/www.w3.org\/2000\/svg\" viewBox=\"0 0 512 512\"><path d=\"M504.3 273.6l-112.1 104c-6.992 6.484-17.18 8.218-25.94 4.406c-8.758-3.812-14.42-12.45-14.42-21.1L351.9 288H32C14.33 288 .0002 273.7 .0002 255.1S14.33 224 32 224h319.9l0-72c0-9.547 5.66-18.19 14.42-22c8.754-3.809 18.95-2.075 25.94 4.41l112.1 104C514.6 247.9 514.6 264.1 504.3 273.6z\"><\/path><\/svg><\/a><\/div><\/div>\n<\/div><\/div>\n\n\n\n<div class=\"wp-block-uagb-container uagb-block-53e7b8b6 alignfull uagb-is-root-container\"><div class=\"uagb-container-inner-blocks-wrap\">\n<div class=\"wp-block-uagb-container uagb-block-8694296f\">\n<div class=\"wp-block-uagb-image uagb-block-d877a2e7 wp-block-uagb-image--layout-default wp-block-uagb-image--effect-static wp-block-uagb-image--align-none\"><figure class=\"wp-block-uagb-image__figure\"><img decoding=\"async\" srcset=\"https:\/\/grpe-alt.com\/gap1\/wp-content\/uploads\/2022\/09\/nazar-hrabovyi-lIuxlN0zSjs-unsplash-scaled-e1664444696466-1024x682.jpg ,https:\/\/grpe-alt.com\/gap1\/wp-content\/uploads\/2022\/09\/nazar-hrabovyi-lIuxlN0zSjs-unsplash-scaled-e1664444696466.jpg 780w, https:\/\/grpe-alt.com\/gap1\/wp-content\/uploads\/2022\/09\/nazar-hrabovyi-lIuxlN0zSjs-unsplash-scaled-e1664444696466.jpg 360w\" sizes=\"auto, (max-width: 480px) 150px\" src=\"https:\/\/grpe-alt.com\/gap1\/wp-content\/uploads\/2022\/09\/nazar-hrabovyi-lIuxlN0zSjs-unsplash-scaled-e1664444696466-1024x682.jpg\" alt=\"\" class=\"uag-image-185\" width=\"1024\" height=\"682\" title=\"nazar-hrabovyi-lIuxlN0zSjs-unsplash\" loading=\"lazy\" role=\"img\"\/><\/figure><\/div>\n<\/div>\n\n\n\n<div class=\"wp-block-uagb-container uagb-block-6d5c98de\">\n<div class=\"wp-block-uagb-advanced-heading uagb-block-90439afc\"><h2 class=\"uagb-heading-text\">Une huile d&rsquo;olive artisanale Bio Authentique au C\u0153ur des Hautes-Provence<\/h2><\/div>\n\n\n\n<p>Chez Moulin Victor, chaque goutte de notre huile d&rsquo;olive bio est le fruit d&rsquo;un savoir-faire artisanal transmis depuis des g\u00e9n\u00e9rations. Situ\u00e9 au c\u0153ur des <a href=\"https:\/\/www.tourisme-alpes-haute-provence.com\/\">Hautes-Provence<\/a>, notre moulin allie tradition et innovation<strong> <\/strong>pour offrir une huile d&rsquo;olive d&rsquo;exception, pure et naturelle. Nos olives, soigneusement cultiv\u00e9es sans pesticides ni<a href=\"https:\/\/grpe-alt.com\/gap1\/huile-dolive\/\"> produits chimiques<\/a>, sont press\u00e9es \u00e0 froid pour pr\u00e9server toutes leurs qualit\u00e9s nutritionnelles et leur go\u00fbt authentique. En choisissant notre huile, vous soutenez une production respectueuse de l&rsquo;environnement et des m\u00e9thodes ancestrales, tout en savourant une huile aux ar\u00f4mes uniques et riches en bienfaits.<\/p>\n<\/div>\n<\/div><\/div>\n\n\n\n<div class=\"wp-block-uagb-advanced-heading uagb-block-494d1983\"><h2 class=\"uagb-heading-text\">3 raisons de choisir Moulin Victor<\/h2><div class=\"uagb-separator\"><\/div><\/div>\n\n\n\n<div class=\"wp-block-uagb-container uagb-block-b8ab74e9 alignfull uagb-is-root-container\"><div class=\"uagb-container-inner-blocks-wrap\">\n<div class=\"wp-block-uagb-container uagb-block-3b1fde5a\">\n<div class=\"wp-block-uagb-info-box uagb-block-ab6ca837 uagb-infobox__content-wrap  uagb-infobox-icon-above-title uagb-infobox-image-valign-top\"><div class=\"uagb-ifb-content\"><div class=\"uagb-ifb-icon-wrap\"><svg xmlns=\"https:\/\/www.w3.org\/2000\/svg\" viewBox=\"0 0 512 512\"><path d=\"M0 256C0 114.6 114.6 0 256 0C397.4 0 512 114.6 512 256C512 397.4 397.4 512 256 512C114.6 512 0 397.4 0 256zM371.8 211.8C382.7 200.9 382.7 183.1 371.8 172.2C360.9 161.3 343.1 161.3 332.2 172.2L224 280.4L179.8 236.2C168.9 225.3 151.1 225.3 140.2 236.2C129.3 247.1 129.3 264.9 140.2 275.8L204.2 339.8C215.1 350.7 232.9 350.7 243.8 339.8L371.8 211.8z\"><\/path><\/svg><\/div><div class=\"uagb-ifb-title-wrap\"><h3 class=\"uagb-ifb-title\">Huile d&rsquo;olive artisanale : Qualit\u00e9 Sup\u00e9rieure et Saveurs Authentiques huile de tournesol<\/h3><\/div><div class=\"uagb-ifb-separator\"><\/div><p class=\"uagb-ifb-desc\">Notre huile est extraite \u00e0 froid pour pr\u00e9server toutes les saveurs naturelles et offrir une qualit\u00e9 incomparable, directement du terroir des Hautes-Provence..<\/p><\/div><\/div>\n<\/div>\n\n\n\n<div class=\"wp-block-uagb-container uagb-block-33e1b5ea\">\n<div class=\"wp-block-uagb-info-box uagb-block-05df09d5 uagb-infobox__content-wrap  uagb-infobox-icon-above-title uagb-infobox-image-valign-top\"><div class=\"uagb-ifb-content\"><div class=\"uagb-ifb-icon-wrap\"><svg xmlns=\"https:\/\/www.w3.org\/2000\/svg\" viewBox=\"0 0 512 512\"><path d=\"M64 95.1H0c0 123.8 100.3 224 224 224v128C224 465.6 238.4 480 255.1 480S288 465.6 288 448V320C288 196.3 187.7 95.1 64 95.1zM448 32c-84.25 0-157.4 46.5-195.8 115.3c27.75 30.12 48.25 66.88 59 107.5C424 243.1 512 147.9 512 32H448z\"><\/path><\/svg><\/div><div class=\"uagb-ifb-title-wrap\"><h3 class=\"uagb-ifb-title\">Engagement \u00c9cologique et Agriculture Biologique<\/h3><\/div><div class=\"uagb-ifb-separator\"><\/div><p class=\"uagb-ifb-desc\">En choisissant Moulin Victor, vous soutenez une production huile de tournesol respectueuse de l\u2019environnement, sans pesticides ni additifs chimiques, garantissant une huile d\u2019olive 100% bio et pure.<\/p><\/div><\/div>\n<\/div>\n\n\n\n<div class=\"wp-block-uagb-container uagb-block-1d885dd0\">\n<div class=\"wp-block-uagb-info-box uagb-block-e195cb49 uagb-infobox__content-wrap  uagb-infobox-icon-above-title uagb-infobox-image-valign-top\"><div class=\"uagb-ifb-content\"><div class=\"uagb-ifb-icon-wrap\"><svg xmlns=\"https:\/\/www.w3.org\/2000\/svg\" viewBox=\"0 0 512 512\"><path d=\"M328.7 52.28L431.7 119.8C449.5 132.9 453.3 157.9 440.2 175.7C427.1 193.5 402.1 197.3 384.3 184.2L296.6 127.1H191.1C183.2 127.1 175.1 135.2 175.1 143.1C175.1 152.7 183.2 159.1 191.1 159.1H254.2C270.2 159.1 284.1 170.9 287.6 186.6C290.8 206.6 275.5 223.1 255.1 223.1H143.1C116.1 223.1 90.87 214.7 69.87 197.7L23.37 159.1L15.1 160C7.25 160 0 152.7 0 143.1V47.99C0 39.25 7.25 32 15.1 32H266.1C289 32 310.9 39.19 328.7 52.28L328.7 52.28zM151.3 459.7L16.27 360.2C-1.509 347.1-5.305 322.1 7.803 304.3C20.93 286.5 45.94 282.7 63.74 295.8L183.4 384H304C312.8 384 320 376.8 320 368C320 359.3 312.8 352 304 352H225.8C209.8 352 195 341.1 192.4 325.4C189.2 305.4 204.5 288 224 288H352C379 288 405.1 297.3 426.1 314.3L472.6 352L496 352C504.7 352 512 359.3 512 368V464C512 472.8 504.7 480 496 480H213C190.1 480 169.1 472.8 151.3 459.7V459.7z\"><\/path><\/svg><\/div><div class=\"uagb-ifb-title-wrap\"><h3 class=\"uagb-ifb-title\">Savoir-Faire Traditionnel et Expertise Locale<\/h3><\/div><div class=\"uagb-ifb-separator\"><\/div><p class=\"uagb-ifb-desc\">Forts de g\u00e9n\u00e9rations d\u2019exp\u00e9rience, nous utilisons des m\u00e9thodes artisanales qui respectent les traditions locales, garantissant un produit authentique et raffin\u00e9&#8230;<\/p><\/div><\/div>\n<\/div>\n<\/div><\/div>\n\n\n\n<div class=\"wp-block-uagb-advanced-heading uagb-block-82b25f17\"><h2 class=\"uagb-heading-text\">Nos produits<\/h2><div class=\"uagb-separator\"><\/div><\/div>\n\n\n\n<p class=\"has-text-align-center\">D\u00e9couvrez notre huile bio et nos coffrets cadeaux raffin\u00e9s, des produits d&rsquo;exception qui apportent authenticit\u00e9 et saveurs uniques \u00e0 chaque d\u00e9gustation.<\/p>\n\n\n\n<div class=\"wp-block-uagb-container uagb-block-78e28940 alignfull uagb-is-root-container\"><div class=\"uagb-container-inner-blocks-wrap\">\n<div class=\"wp-block-uagb-container uagb-block-a64fde3c\">\n<div class=\"wp-block-uagb-image uagb-block-206dc70c wp-block-uagb-image--layout-default wp-block-uagb-image--effect-static wp-block-uagb-image--align-none\"><figure class=\"wp-block-uagb-image__figure\"><img decoding=\"async\" srcset=\"https:\/\/grpe-alt.com\/gap1\/wp-content\/uploads\/2024\/10\/bouteille-huile-d-olive-50-cl.jpg ,https:\/\/grpe-alt.com\/gap1\/wp-content\/uploads\/2024\/10\/bouteille-huile-d-olive-50-cl.jpg 780w, https:\/\/grpe-alt.com\/gap1\/wp-content\/uploads\/2024\/10\/bouteille-huile-d-olive-50-cl.jpg 360w\" sizes=\"auto, (max-width: 480px) 150px\" src=\"https:\/\/grpe-alt.com\/gap1\/wp-content\/uploads\/2024\/10\/bouteille-huile-d-olive-50-cl.jpg\" alt=\"\" class=\"uag-image-725\" width=\"800\" height=\"800\" title=\"bouteille-huile-d-olive-50-cl\" loading=\"lazy\" role=\"img\"\/><\/figure><\/div>\n\n\n\n<div class=\"wp-block-uagb-advanced-heading uagb-block-95486856\"><h3 class=\"uagb-heading-text\">Notre huile d&rsquo;olive artisanale<\/h3><\/div>\n\n\n\n<p class=\"has-text-align-center\">D\u00e9couvrez le go\u00fbt authentique et unique de notre huile, un plaisir pour vos papilles et vos sens !<\/p>\n\n\n\n<div class=\"wp-block-uagb-buttons uagb-buttons__outer-wrap uagb-btn__default-btn uagb-btn-tablet__default-btn uagb-btn-mobile__default-btn uagb-block-4c793f0a\"><div class=\"uagb-buttons__wrap uagb-buttons-layout-wrap \">\n<div class=\"wp-block-uagb-buttons-child uagb-buttons__outer-wrap uagb-block-516a8127 wp-block-button\"><div class=\"uagb-button__wrapper\"><a class=\"uagb-buttons-repeater wp-block-button__link\" aria-label=\"\" href=\"https:\/\/grpe-alt.com\/gap1\/huile-dolive\/\" rel=\"follow noopener\" target=\"_self\" role=\"button\"><div class=\"uagb-button__link\">Cliquez ici<\/div><\/a><\/div><\/div>\n<\/div><\/div>\n<\/div>\n\n\n\n<div class=\"wp-block-uagb-container uagb-block-6cfe72c1\">\n<div class=\"wp-block-uagb-image uagb-block-46a54ffe wp-block-uagb-image--layout-default wp-block-uagb-image--effect-static wp-block-uagb-image--align-none\"><figure class=\"wp-block-uagb-image__figure\"><img decoding=\"async\" srcset=\"https:\/\/grpe-alt.com\/gap1\/wp-content\/uploads\/2024\/10\/la_olive_box_800x800.jpg ,https:\/\/grpe-alt.com\/gap1\/wp-content\/uploads\/2024\/10\/la_olive_box_800x800.jpg 780w, https:\/\/grpe-alt.com\/gap1\/wp-content\/uploads\/2024\/10\/la_olive_box_800x800.jpg 360w\" sizes=\"auto, (max-width: 480px) 150px\" src=\"https:\/\/grpe-alt.com\/gap1\/wp-content\/uploads\/2024\/10\/la_olive_box_800x800.jpg\" alt=\"\" class=\"uag-image-726\" width=\"800\" height=\"800\" title=\"la_olive_box_800x800\" loading=\"lazy\" role=\"img\"\/><\/figure><\/div>\n\n\n\n<div class=\"wp-block-uagb-advanced-heading uagb-block-4db44be9\"><h3 class=\"uagb-heading-text\">Nos coffrets cadeaux<\/h3><\/div>\n\n\n\n<p class=\"has-text-align-center\">Offrez un cadeau d&rsquo;exception avec nos coffrets d&rsquo;huile d&rsquo;olive, parfaits pour sublimer chaque occasion !<\/p>\n\n\n\n<div class=\"wp-block-uagb-buttons uagb-buttons__outer-wrap uagb-btn__default-btn uagb-btn-tablet__default-btn uagb-btn-mobile__default-btn uagb-block-14066746\"><div class=\"uagb-buttons__wrap uagb-buttons-layout-wrap \">\n<div class=\"wp-block-uagb-buttons-child uagb-buttons__outer-wrap uagb-block-0dc55ded wp-block-button\"><div class=\"uagb-button__wrapper\"><a class=\"uagb-buttons-repeater wp-block-button__link\" aria-label=\"\" href=\"https:\/\/grpe-alt.com\/gap1\/coffret-cadeau\/\" rel=\"follow noopener\" target=\"_self\" role=\"button\"><div class=\"uagb-button__link\">Cliquez ici<\/div><\/a><\/div><\/div>\n<\/div><\/div>\n<\/div>\n<\/div><\/div>\n\n\n\n<div class=\"wp-block-uagb-slider uagb-block-a58c3588 uagb-slider-container\"><div class=\"uagb-slides uagb-swiper\"><div class=\"swiper-wrapper\">\n<div class=\"wp-block-uagb-slider-child uagb-slider-child-wrap swiper-slide uagb-block-8d1fc01b\"><div class=\"swiper-content\">\n<div class=\"wp-block-uagb-container uagb-block-f1ece976 alignfull uagb-is-root-container\"><div class=\"uagb-container-inner-blocks-wrap\">\n<div class=\"wp-block-uagb-countdown uagb-block-72de3e9a\"><div class=\"wp-block-uagb-countdown__box wp-block-uagb-countdown__box-days\"><div role=\"timer\" aria-live=\"off\" class=\"wp-block-uagb-countdown__time wp-block-uagb-countdown__time-days\">&#8211;<\/div><div class=\"wp-block-uagb-countdown__label\">DAYS<\/div><\/div><div class=\"wp-block-uagb-countdown__box wp-block-uagb-countdown__box-hours\"><div role=\"timer\" aria-live=\"off\" class=\"wp-block-uagb-countdown__time wp-block-uagb-countdown__time-hours\">&#8211;<\/div><div class=\"wp-block-uagb-countdown__label\">HOURS<\/div><\/div><div class=\"wp-block-uagb-countdown__box wp-block-uagb-countdown__box-minutes\"><div role=\"timer\" aria-live=\"off\" class=\"wp-block-uagb-countdown__time wp-block-uagb-countdown__time-minutes\">&#8211;<\/div><div class=\"wp-block-uagb-countdown__label\">MINUTES<\/div><\/div><div class=\"wp-block-uagb-countdown__box wp-block-uagb-countdown__box-seconds\"><div role=\"timer\" aria-live=\"off\" class=\"wp-block-uagb-countdown__time wp-block-uagb-countdown__time-seconds\">&#8211;<\/div><div class=\"wp-block-uagb-countdown__label\">SECONDS<\/div><\/div><\/div>\n\n\n\n<div class=\"wp-block-uagb-info-box uagb-block-042511f1 uagb-infobox__content-wrap  uagb-infobox-icon-above-title uagb-infobox-image-valign-top\"><div class=\"uagb-ifb-content\"><div class=\"uagb-ifb-icon-wrap\"><svg xmlns=\"https:\/\/www.w3.org\/2000\/svg\" viewBox=\"0 0 512 512\"><path d=\"M0 256C0 114.6 114.6 0 256 0C397.4 0 512 114.6 512 256C512 397.4 397.4 512 256 512C114.6 512 0 397.4 0 256zM371.8 211.8C382.7 200.9 382.7 183.1 371.8 172.2C360.9 161.3 343.1 161.3 332.2 172.2L224 280.4L179.8 236.2C168.9 225.3 151.1 225.3 140.2 236.2C129.3 247.1 129.3 264.9 140.2 275.8L204.2 339.8C215.1 350.7 232.9 350.7 243.8 339.8L371.8 211.8z\"><\/path><\/svg><\/div><div class=\"uagb-ifb-title-wrap\"><h2 class=\"uagb-ifb-title\">D\u00e9couvrez nos offres Black Friday<\/h2><\/div><div class=\"uagb-ifb-separator\"><\/div><p class=\"uagb-ifb-desc\">Profitez de r\u00e9ductions exclusives sur nos produits naturels et \u00e9coresponsables. Ne manquez pas cette occasion de prendre soin de votre peau tout en respectant la plan\u00e8te !<\/p><div class=\"uagb-ifb-button-wrapper wp-block-button\"><a href=\"https:\/\/grpe-alt.com\/gap1\/huile-dolive\/\" class=\"uagb-infobox-cta-link wp-block-button__link\" target=\"_self\" rel=\"noopener noreferrer\" onclick=\"return true;\"><span class=\"uagb-inline-editing\">CLIQUEZ ICI<\/span><\/a><\/div><\/div><\/div>\n<\/div><\/div>\n<\/div><\/div>\n\n\n\n<div class=\"wp-block-uagb-slider-child uagb-slider-child-wrap swiper-slide uagb-block-ddcc075c\"><div class=\"swiper-content\">\n<div class=\"wp-block-uagb-container uagb-block-dbc61e2b alignfull uagb-is-root-container\"><div class=\"uagb-container-inner-blocks-wrap\">\n<div class=\"wp-block-uagb-info-box uagb-block-1ab69252 uagb-infobox__content-wrap  uagb-infobox-icon-above-title uagb-infobox-image-valign-top\"><div class=\"uagb-ifb-content\"><div class=\"uagb-ifb-title-wrap\"><h2 class=\"uagb-ifb-title\">Craquez pour nos petits beurres artisanaux<\/h2><\/div><div class=\"uagb-ifb-separator\"><\/div><p class=\"uagb-ifb-desc\">Savourez l&rsquo;authenticit\u00e9 de biscuits faits maison, pr\u00e9par\u00e9s avec des ingr\u00e9dients naturels et beaucoup d&rsquo;amour. Une pause gourmande qui allie tradition et plaisir !<br><br><br><\/p><div class=\"uagb-ifb-button-wrapper wp-block-button\"><a href=\"https:\/\/grpe-alt.com\/gap1\/coffret-cadeau\/\" class=\"uagb-infobox-cta-link wp-block-button__link\" target=\"_self\" rel=\"noopener noreferrer\" onclick=\"return true;\"><span class=\"uagb-inline-editing\">CLIQUEZ ICI<\/span><\/a><\/div><\/div><\/div>\n<\/div><\/div>\n<\/div><\/div>\n<\/div><\/div><div class=\"swiper-pagination\"><\/div><div class=\"swiper-button-prev\"><\/div><div class=\"swiper-button-next\"><\/div><\/div>\n\n\n\n<div class=\"wp-block-uagb-team uagb-team__image-position-above uagb-team__align-center uagb-team__stack-tablet uagb-block-e26df4b4\"><div class=\"uagb-team__content\"><img decoding=\"async\" class=\"uagb-team__image-crop-normal\" src=\"https:\/\/grpe-alt.com\/gap1\/wp-content\/uploads\/2024\/12\/pexels-italo-melo-881954-2379004-150x150.jpg\" alt=\"\" height=\"100\" width=\"100\" loading=\"lazy\"\/><h3 class=\"uagb-team__title\">John Doe<\/h3><span class=\"uagb-team__prefix\">Designation<\/span><p class=\"uagb-team__desc\">Click here to change this text. Lorem ipsum dolor sit amet, consectetur adipiscing elit. Ut elit tellus, luctus nec ullamcorper mattis, pulvinar dapibus leo.<\/p><ul class=\"uagb-team__social-list\"><li class=\"uagb-team__social-icon\"><a href=\"#\" aria-label=\"x-twitter\" target=\"_self\" title=\"\" rel=\"noopener noreferrer\"><svg xmlns=\"https:\/\/www.w3.org\/2000\/svg\" viewBox=\"0 0 512 512\"><path d=\"M389.2 48h70.6L305.6 224.2 487 464H345L233.7 318.6 106.5 464H35.8L200.7 275.5 26.8 48H172.4L272.9 180.9 389.2 48zM364.4 421.8h39.1L151.1 88h-42L364.4 421.8z\"><\/path><\/svg><\/a><\/li><li class=\"uagb-team__social-icon\"><a href=\"#\" aria-label=\"facebook\" target=\"_self\" title=\"\" rel=\"noopener noreferrer\"><svg xmlns=\"https:\/\/www.w3.org\/2000\/svg\" viewBox=\"0 0 512 512\"><path d=\"M504 256C504 119 393 8 256 8S8 119 8 256c0 123.8 90.69 226.4 209.3 245V327.7h-63V256h63v-54.64c0-62.15 37-96.48 93.67-96.48 27.14 0 55.52 4.84 55.52 4.84v61h-31.28c-30.8 0-40.41 19.12-40.41 38.73V256h68.78l-11 71.69h-57.78V501C413.3 482.4 504 379.8 504 256z\"><\/path><\/svg><\/a><\/li><\/ul><\/div><\/div>\n\n\n\n<figure class=\"wp-block-gallery has-nested-images columns-default is-cropped wp-block-gallery-1 is-layout-flex wp-block-gallery-is-layout-flex\">\n<figure class=\"wp-block-image size-large\"><img loading=\"lazy\" decoding=\"async\" width=\"1024\" height=\"683\" data-id=\"2212\" src=\"https:\/\/grpe-alt.com\/gap1\/wp-content\/uploads\/2025\/11\/pexels-anntarazevich-6560289-1024x683.jpg\" alt=\"\" class=\"wp-image-2212\" srcset=\"https:\/\/grpe-alt.com\/gap1\/wp-content\/uploads\/2025\/11\/pexels-anntarazevich-6560289-1024x683.jpg 1024w, https:\/\/grpe-alt.com\/gap1\/wp-content\/uploads\/2025\/11\/pexels-anntarazevich-6560289-300x200.jpg 300w, https:\/\/grpe-alt.com\/gap1\/wp-content\/uploads\/2025\/11\/pexels-anntarazevich-6560289-768x512.jpg 768w, https:\/\/grpe-alt.com\/gap1\/wp-content\/uploads\/2025\/11\/pexels-anntarazevich-6560289-1536x1024.jpg 1536w, https:\/\/grpe-alt.com\/gap1\/wp-content\/uploads\/2025\/11\/pexels-anntarazevich-6560289-2048x1366.jpg 2048w\" sizes=\"auto, (max-width: 1024px) 100vw, 1024px\" \/><\/figure>\n\n\n\n<figure class=\"wp-block-image size-large\"><img loading=\"lazy\" decoding=\"async\" width=\"1024\" height=\"683\" data-id=\"2210\" src=\"https:\/\/grpe-alt.com\/gap1\/wp-content\/uploads\/2025\/11\/pexels-tima-miroshnichenko-6187657-1024x683.jpg\" alt=\"Un massage pierres chaudes lors du salon bien-\u00eatre\" class=\"wp-image-2210\" srcset=\"https:\/\/grpe-alt.com\/gap1\/wp-content\/uploads\/2025\/11\/pexels-tima-miroshnichenko-6187657-1024x683.jpg 1024w, https:\/\/grpe-alt.com\/gap1\/wp-content\/uploads\/2025\/11\/pexels-tima-miroshnichenko-6187657-300x200.jpg 300w, https:\/\/grpe-alt.com\/gap1\/wp-content\/uploads\/2025\/11\/pexels-tima-miroshnichenko-6187657-768x512.jpg 768w, https:\/\/grpe-alt.com\/gap1\/wp-content\/uploads\/2025\/11\/pexels-tima-miroshnichenko-6187657-1536x1024.jpg 1536w, https:\/\/grpe-alt.com\/gap1\/wp-content\/uploads\/2025\/11\/pexels-tima-miroshnichenko-6187657-2048x1365.jpg 2048w\" sizes=\"auto, (max-width: 1024px) 100vw, 1024px\" \/><figcaption class=\"wp-element-caption\">Une jeune femme sur le ventre lors d&rsquo;un massage<\/figcaption><\/figure>\n\n\n\n<figure class=\"wp-block-image size-large\"><img loading=\"lazy\" decoding=\"async\" width=\"1024\" height=\"683\" data-id=\"2209\" src=\"https:\/\/grpe-alt.com\/gap1\/wp-content\/uploads\/2025\/11\/pexels-rdne-6724448-1024x683.jpg\" alt=\"\" class=\"wp-image-2209\" srcset=\"https:\/\/grpe-alt.com\/gap1\/wp-content\/uploads\/2025\/11\/pexels-rdne-6724448-1024x683.jpg 1024w, https:\/\/grpe-alt.com\/gap1\/wp-content\/uploads\/2025\/11\/pexels-rdne-6724448-300x200.jpg 300w, https:\/\/grpe-alt.com\/gap1\/wp-content\/uploads\/2025\/11\/pexels-rdne-6724448-768x512.jpg 768w, https:\/\/grpe-alt.com\/gap1\/wp-content\/uploads\/2025\/11\/pexels-rdne-6724448-1536x1024.jpg 1536w, https:\/\/grpe-alt.com\/gap1\/wp-content\/uploads\/2025\/11\/pexels-rdne-6724448-2048x1365.jpg 2048w\" sizes=\"auto, (max-width: 1024px) 100vw, 1024px\" \/><\/figure>\n<\/figure>\n","protected":false},"excerpt":{"rendered":"<p>Une huile d&rsquo;olive artisanale Bio Authentique au C\u0153ur des Hautes-Provence Chez Moulin Victor, chaque goutte de notre huile d&rsquo;olive bio est le fruit d&rsquo;un savoir-faire artisanal transmis depuis des g\u00e9n\u00e9rations. Situ\u00e9 au c\u0153ur des Hautes-Provence, notre moulin allie tradition et innovation pour offrir une huile d&rsquo;olive d&rsquo;exception, pure et naturelle. Nos olives, soigneusement cultiv\u00e9es sans [&hellip;]<\/p>\n","protected":false},"author":1,"featured_media":185,"parent":0,"menu_order":0,"comment_status":"closed","ping_status":"closed","template":"","meta":{"_uag_custom_page_level_css":"","site-sidebar-layout":"default","site-content-layout":"","ast-site-content-layout":"default","site-content-style":"default","site-sidebar-style":"default","ast-global-header-display":"","ast-banner-title-visibility":"","ast-main-header-display":"","ast-hfb-above-header-display":"","ast-hfb-below-header-display":"","ast-hfb-mobile-header-display":"","site-post-title":"disabled","ast-breadcrumbs-content":"","ast-featured-img":"","footer-sml-layout":"","ast-disable-related-posts":"","theme-transparent-header-meta":"","adv-header-id-meta":"","stick-header-meta":"","header-above-stick-meta":"","header-main-stick-meta":"","header-below-stick-meta":"","astra-migrate-meta-layouts":"default","ast-page-background-enabled":"default","ast-page-background-meta":{"desktop":{"background-color":"var(--ast-global-color-4)","background-image":"","background-repeat":"repeat","background-position":"center center","background-size":"auto","background-attachment":"scroll","background-type":"","background-media":"","overlay-type":"","overlay-color":"","overlay-opacity":"","overlay-gradient":""},"tablet":{"background-color":"","background-image":"","background-repeat":"repeat","background-position":"center center","background-size":"auto","background-attachment":"scroll","background-type":"","background-media":"","overlay-type":"","overlay-color":"","overlay-opacity":"","overlay-gradient":""},"mobile":{"background-color":"","background-image":"","background-repeat":"repeat","background-position":"center center","background-size":"auto","background-attachment":"scroll","background-type":"","background-media":"","overlay-type":"","overlay-color":"","overlay-opacity":"","overlay-gradient":""}},"ast-content-background-meta":{"desktop":{"background-color":"var(--ast-global-color-5)","background-image":"","background-repeat":"repeat","background-position":"center center","background-size":"auto","background-attachment":"scroll","background-type":"","background-media":"","overlay-type":"","overlay-color":"","overlay-opacity":"","overlay-gradient":""},"tablet":{"background-color":"var(--ast-global-color-5)","background-image":"","background-repeat":"repeat","background-position":"center center","background-size":"auto","background-attachment":"scroll","background-type":"","background-media":"","overlay-type":"","overlay-color":"","overlay-opacity":"","overlay-gradient":""},"mobile":{"background-color":"var(--ast-global-color-5)","background-image":"","background-repeat":"repeat","background-position":"center center","background-size":"auto","background-attachment":"scroll","background-type":"","background-media":"","overlay-type":"","overlay-color":"","overlay-opacity":"","overlay-gradient":""}},"footnotes":""},"class_list":["post-630","page","type-page","status-publish","has-post-thumbnail","hentry"],"uagb_featured_image_src":{"full":["https:\/\/grpe-alt.com\/gap1\/wp-content\/uploads\/2022\/09\/nazar-hrabovyi-lIuxlN0zSjs-unsplash-scaled-e1664444696466.jpg",1250,833,false],"thumbnail":["https:\/\/grpe-alt.com\/gap1\/wp-content\/uploads\/2022\/09\/nazar-hrabovyi-lIuxlN0zSjs-unsplash-scaled-e1664444696466-150x150.jpg",150,150,true],"medium":["https:\/\/grpe-alt.com\/gap1\/wp-content\/uploads\/2022\/09\/nazar-hrabovyi-lIuxlN0zSjs-unsplash-scaled-e1664444696466-300x200.jpg",300,200,true],"medium_large":["https:\/\/grpe-alt.com\/gap1\/wp-content\/uploads\/2022\/09\/nazar-hrabovyi-lIuxlN0zSjs-unsplash-scaled-e1664444696466-768x512.jpg",768,512,true],"large":["https:\/\/grpe-alt.com\/gap1\/wp-content\/uploads\/2022\/09\/nazar-hrabovyi-lIuxlN0zSjs-unsplash-scaled-e1664444696466-1024x682.jpg",1024,682,true],"1536x1536":["https:\/\/grpe-alt.com\/gap1\/wp-content\/uploads\/2022\/09\/nazar-hrabovyi-lIuxlN0zSjs-unsplash-1536x1024.jpg",1536,1024,true],"2048x2048":["https:\/\/grpe-alt.com\/gap1\/wp-content\/uploads\/2022\/09\/nazar-hrabovyi-lIuxlN0zSjs-unsplash-2048x1365.jpg",2048,1365,true]},"uagb_author_info":{"display_name":"apa16","author_link":"https:\/\/grpe-alt.com\/gap1\/author\/apa16\/"},"uagb_comment_info":0,"uagb_excerpt":"Une huile d&rsquo;olive artisanale Bio Authentique au C\u0153ur des Hautes-Provence Chez Moulin Victor, chaque goutte de notre huile d&rsquo;olive bio est le fruit d&rsquo;un savoir-faire artisanal transmis depuis des g\u00e9n\u00e9rations. Situ\u00e9 au c\u0153ur des Hautes-Provence, notre moulin allie tradition et innovation pour offrir une huile d&rsquo;olive d&rsquo;exception, pure et naturelle. Nos olives, soigneusement cultiv\u00e9es sans\u2026","_links":{"self":[{"href":"https:\/\/grpe-alt.com\/gap1\/wp-json\/wp\/v2\/pages\/630","targetHints":{"allow":["GET"]}}],"collection":[{"href":"https:\/\/grpe-alt.com\/gap1\/wp-json\/wp\/v2\/pages"}],"about":[{"href":"https:\/\/grpe-alt.com\/gap1\/wp-json\/wp\/v2\/types\/page"}],"author":[{"embeddable":true,"href":"https:\/\/grpe-alt.com\/gap1\/wp-json\/wp\/v2\/users\/1"}],"replies":[{"embeddable":true,"href":"https:\/\/grpe-alt.com\/gap1\/wp-json\/wp\/v2\/comments?post=630"}],"version-history":[{"count":127,"href":"https:\/\/grpe-alt.com\/gap1\/wp-json\/wp\/v2\/pages\/630\/revisions"}],"predecessor-version":[{"id":2382,"href":"https:\/\/grpe-alt.com\/gap1\/wp-json\/wp\/v2\/pages\/630\/revisions\/2382"}],"wp:featuredmedia":[{"embeddable":true,"href":"https:\/\/grpe-alt.com\/gap1\/wp-json\/wp\/v2\/media\/185"}],"wp:attachment":[{"href":"https:\/\/grpe-alt.com\/gap1\/wp-json\/wp\/v2\/media?parent=630"}],"curies":[{"name":"wp","href":"https:\/\/api.w.org\/{rel}","templated":true}]}}