{"id":1008,"date":"2024-12-12T08:27:28","date_gmt":"2024-12-12T08:27:28","guid":{"rendered":"https:\/\/grpe-alt.com\/test\/?page_id=1008"},"modified":"2024-12-12T08:42:15","modified_gmt":"2024-12-12T08:42:15","slug":"temoignages","status":"publish","type":"page","link":"https:\/\/grpe-alt.com\/test\/temoignages\/","title":{"rendered":"T\u00e9moignages"},"content":{"rendered":"\n<p>Cela fait plusieurs ann\u00e9e que la <a href=\"https:\/\/www.sablesienne.com\/fr\/\">sabl\u00e9sienne<\/a> et les diff\u00e9rents produits sont <a href=\"https:\/\/www.sablesienne.com\/fr\/\">consommer <\/a>avec plusieurs vari\u00e9t\u00e9s de produits proposer depuis de nombreuses ann\u00e9e avec une client\u00e8le accueillante, des gouts savoureux qui fondent le pal\u00e9 et les pupilles gustatives. La qualit\u00e9 artisanale et d&rsquo;exception avec des produits 100% locaux qui sont fourni par diff\u00e9rentes personnes depuis de nombreuse ann\u00e9es. De plus nous participons a diff\u00e9rents \u00e9v\u00e8nements tels que les mariages, bapt\u00eames, anniversaires&#8230; Nous sommes pr\u00e9sent depuis les ann\u00e9es 80, et gr\u00e2ce a des retours et t\u00e9moignages de notre client\u00e8le nous avons su diversifi\u00e9 nos produits, am\u00e9liorer la qualit\u00e9 de ventes, embauch\u00e9 des salari\u00e9s et touch\u00e9 d&rsquo;autres type de client\u00e8le d&rsquo;exception. De plus nous pu ouvrir d&rsquo;autres points de ventes dans diff\u00e9rentes villes tels que N\u00eemes, Montpellier, Avignon. De plus diff\u00e9rent chiffre d&rsquo;affaires ont pu \u00eatre enregistrer depuis la cr\u00e9ation avec le plus gros de 35 millions d&rsquo;euros. Notre si\u00e8ge se situe a Paris, le directeur ce nome monsieur Robert.<\/p>\n\n\n\n<div class=\"wp-block-uagb-container uagb-block-9216efb1 alignfull uagb-is-root-container\"><div class=\"uagb-container-inner-blocks-wrap\">\n<div class=\"wp-block-uagb-container uagb-block-02f045c1\">\n<figure class=\"wp-block-image size-full\"><img loading=\"lazy\" decoding=\"async\" width=\"270\" height=\"348\" src=\"https:\/\/grpe-alt.com\/test\/wp-content\/uploads\/2024\/12\/OIP-1.jpg\" alt=\"\" class=\"wp-image-1015\" srcset=\"https:\/\/grpe-alt.com\/test\/wp-content\/uploads\/2024\/12\/OIP-1.jpg 270w, https:\/\/grpe-alt.com\/test\/wp-content\/uploads\/2024\/12\/OIP-1-233x300.jpg 233w\" sizes=\"auto, (max-width: 270px) 100vw, 270px\" \/><\/figure>\n<\/div>\n\n\n\n<div class=\"wp-block-uagb-container uagb-block-828235bf\">\n<figure class=\"wp-block-image size-full\"><img loading=\"lazy\" decoding=\"async\" width=\"270\" height=\"396\" src=\"https:\/\/grpe-alt.com\/test\/wp-content\/uploads\/2024\/12\/telecharger-1.jpg\" alt=\"\" class=\"wp-image-1016\" srcset=\"https:\/\/grpe-alt.com\/test\/wp-content\/uploads\/2024\/12\/telecharger-1.jpg 270w, https:\/\/grpe-alt.com\/test\/wp-content\/uploads\/2024\/12\/telecharger-1-205x300.jpg 205w\" sizes=\"auto, (max-width: 270px) 100vw, 270px\" \/><\/figure>\n<\/div>\n<\/div><\/div>\n\n\n\n<div class=\"wp-block-uagb-container uagb-block-f7c3bbe0 alignfull uagb-is-root-container\"><div class=\"uagb-container-inner-blocks-wrap\">\n<div class=\"wp-block-uagb-container uagb-block-3fd6e98d\">\n<p>Cela fait plusieurs ann\u00e9es que je consomme ces biscuits La Sabl\u00e9sienne, et je suis toujours impressionn\u00e9e par la qualit\u00e9 et la saveur unique de leurs produits.\u00a0<br><\/p>\n<\/div>\n\n\n\n<div class=\"wp-block-uagb-container uagb-block-62ad330c\">\n<p>J&rsquo;appr\u00e9cie la qualit\u00e9 artisanale et les saveurs authentiques des cr\u00e9ations de La Sabl\u00e9sienne. Un r\u00e9gal \u00e0 chaque d\u00e9gustation !<\/p>\n<\/div>\n<\/div><\/div>\n","protected":false},"excerpt":{"rendered":"<p>Cela fait plusieurs ann\u00e9e que la sabl\u00e9sienne et les diff\u00e9rents produits sont consommer avec plusieurs vari\u00e9t\u00e9s de produits proposer depuis de nombreuses ann\u00e9e avec une client\u00e8le accueillante, des gouts savoureux qui fondent le pal\u00e9 et les pupilles gustatives. La qualit\u00e9 artisanale et d&rsquo;exception avec des produits 100% locaux qui sont fourni par diff\u00e9rentes personnes depuis [&hellip;]<\/p>\n","protected":false},"author":1,"featured_media":0,"parent":0,"menu_order":0,"comment_status":"closed","ping_status":"closed","template":"","meta":{"_uag_custom_page_level_css":"","site-sidebar-layout":"default","site-content-layout":"","ast-site-content-layout":"default","site-content-style":"default","site-sidebar-style":"default","ast-global-header-display":"","ast-banner-title-visibility":"","ast-main-header-display":"","ast-hfb-above-header-display":"","ast-hfb-below-header-display":"","ast-hfb-mobile-header-display":"","site-post-title":"","ast-breadcrumbs-content":"","ast-featured-img":"","footer-sml-layout":"","ast-disable-related-posts":"","theme-transparent-header-meta":"","adv-header-id-meta":"","stick-header-meta":"","header-above-stick-meta":"","header-main-stick-meta":"","header-below-stick-meta":"","astra-migrate-meta-layouts":"set","ast-page-background-enabled":"default","ast-page-background-meta":{"desktop":{"background-color":"var(--ast-global-color-4)","background-image":"","background-repeat":"repeat","background-position":"center center","background-size":"auto","background-attachment":"scroll","background-type":"","background-media":"","overlay-type":"","overlay-color":"","overlay-opacity":"","overlay-gradient":""},"tablet":{"background-color":"","background-image":"","background-repeat":"repeat","background-position":"center center","background-size":"auto","background-attachment":"scroll","background-type":"","background-media":"","overlay-type":"","overlay-color":"","overlay-opacity":"","overlay-gradient":""},"mobile":{"background-color":"","background-image":"","background-repeat":"repeat","background-position":"center center","background-size":"auto","background-attachment":"scroll","background-type":"","background-media":"","overlay-type":"","overlay-color":"","overlay-opacity":"","overlay-gradient":""}},"ast-content-background-meta":{"desktop":{"background-color":"var(--ast-global-color-5)","background-image":"","background-repeat":"repeat","background-position":"center center","background-size":"auto","background-attachment":"scroll","background-type":"","background-media":"","overlay-type":"","overlay-color":"","overlay-opacity":"","overlay-gradient":""},"tablet":{"background-color":"var(--ast-global-color-5)","background-image":"","background-repeat":"repeat","background-position":"center center","background-size":"auto","background-attachment":"scroll","background-type":"","background-media":"","overlay-type":"","overlay-color":"","overlay-opacity":"","overlay-gradient":""},"mobile":{"background-color":"var(--ast-global-color-5)","background-image":"","background-repeat":"repeat","background-position":"center center","background-size":"auto","background-attachment":"scroll","background-type":"","background-media":"","overlay-type":"","overlay-color":"","overlay-opacity":"","overlay-gradient":""}},"footnotes":""},"class_list":["post-1008","page","type-page","status-publish","hentry"],"yoast_head":"<!-- This site is optimized with the Yoast SEO plugin v27.6 - https:\/\/yoast.com\/product\/yoast-seo-wordpress\/ -->\n<title>T\u00e9moignages - La sabl\u00e9sienne<\/title>\n<meta name=\"description\" content=\"La sabl\u00e9sienne con\u00e7oit diff\u00e9rents types de g\u00e2teaux pour diff\u00e9rents gouts, tout d\u00e9pend des saveurs qui sont recherch\u00e9\" \/>\n<meta name=\"robots\" content=\"index, follow, max-snippet:-1, max-image-preview:large, max-video-preview:-1\" \/>\n<link rel=\"canonical\" href=\"https:\/\/grpe-alt.com\/test\/temoignages\/\" \/>\n<meta property=\"og:locale\" content=\"fr_FR\" \/>\n<meta property=\"og:type\" content=\"article\" \/>\n<meta property=\"og:title\" content=\"T\u00e9moignages - La sabl\u00e9sienne\" \/>\n<meta property=\"og:description\" content=\"La sabl\u00e9sienne con\u00e7oit diff\u00e9rents types de g\u00e2teaux pour diff\u00e9rents gouts, tout d\u00e9pend des saveurs qui sont recherch\u00e9\" \/>\n<meta property=\"og:url\" content=\"https:\/\/grpe-alt.com\/test\/temoignages\/\" \/>\n<meta property=\"og:site_name\" content=\"La sabl\u00e9sienne\" \/>\n<meta property=\"article:modified_time\" content=\"2024-12-12T08:42:15+00:00\" \/>\n<meta property=\"og:image\" content=\"https:\/\/grpe-alt.com\/test\/wp-content\/uploads\/2024\/12\/OIP-1.jpg\" \/>\n\t<meta property=\"og:image:width\" content=\"270\" \/>\n\t<meta property=\"og:image:height\" content=\"348\" \/>\n\t<meta property=\"og:image:type\" content=\"image\/jpeg\" \/>\n<meta name=\"twitter:card\" content=\"summary_large_image\" \/>\n<meta name=\"twitter:label1\" content=\"Dur\u00e9e de lecture estim\u00e9e\" \/>\n\t<meta name=\"twitter:data1\" content=\"2 minutes\" \/>\n<script type=\"application\/ld+json\" class=\"yoast-schema-graph\">{\"@context\":\"https:\\\/\\\/schema.org\",\"@graph\":[{\"@type\":\"WebPage\",\"@id\":\"https:\\\/\\\/grpe-alt.com\\\/test\\\/temoignages\\\/\",\"url\":\"https:\\\/\\\/grpe-alt.com\\\/test\\\/temoignages\\\/\",\"name\":\"T\u00e9moignages - La sabl\u00e9sienne\",\"isPartOf\":{\"@id\":\"https:\\\/\\\/grpe-alt.com\\\/test\\\/#website\"},\"primaryImageOfPage\":{\"@id\":\"https:\\\/\\\/grpe-alt.com\\\/test\\\/temoignages\\\/#primaryimage\"},\"image\":{\"@id\":\"https:\\\/\\\/grpe-alt.com\\\/test\\\/temoignages\\\/#primaryimage\"},\"thumbnailUrl\":\"https:\\\/\\\/grpe-alt.com\\\/test\\\/wp-content\\\/uploads\\\/2024\\\/12\\\/OIP-1.jpg\",\"datePublished\":\"2024-12-12T08:27:28+00:00\",\"dateModified\":\"2024-12-12T08:42:15+00:00\",\"description\":\"La sabl\u00e9sienne con\u00e7oit diff\u00e9rents types de g\u00e2teaux pour diff\u00e9rents gouts, tout d\u00e9pend des saveurs qui sont recherch\u00e9\",\"breadcrumb\":{\"@id\":\"https:\\\/\\\/grpe-alt.com\\\/test\\\/temoignages\\\/#breadcrumb\"},\"inLanguage\":\"fr-FR\",\"potentialAction\":[{\"@type\":\"ReadAction\",\"target\":[\"https:\\\/\\\/grpe-alt.com\\\/test\\\/temoignages\\\/\"]}]},{\"@type\":\"ImageObject\",\"inLanguage\":\"fr-FR\",\"@id\":\"https:\\\/\\\/grpe-alt.com\\\/test\\\/temoignages\\\/#primaryimage\",\"url\":\"https:\\\/\\\/grpe-alt.com\\\/test\\\/wp-content\\\/uploads\\\/2024\\\/12\\\/OIP-1.jpg\",\"contentUrl\":\"https:\\\/\\\/grpe-alt.com\\\/test\\\/wp-content\\\/uploads\\\/2024\\\/12\\\/OIP-1.jpg\",\"width\":270,\"height\":348},{\"@type\":\"BreadcrumbList\",\"@id\":\"https:\\\/\\\/grpe-alt.com\\\/test\\\/temoignages\\\/#breadcrumb\",\"itemListElement\":[{\"@type\":\"ListItem\",\"position\":1,\"name\":\"Accueil\",\"item\":\"https:\\\/\\\/grpe-alt.com\\\/test\\\/\"},{\"@type\":\"ListItem\",\"position\":2,\"name\":\"T\u00e9moignages\"}]},{\"@type\":\"WebSite\",\"@id\":\"https:\\\/\\\/grpe-alt.com\\\/test\\\/#website\",\"url\":\"https:\\\/\\\/grpe-alt.com\\\/test\\\/\",\"name\":\"La sabl\u00e9sienne\",\"description\":\"La sabl\u00e9sienne \",\"publisher\":{\"@id\":\"https:\\\/\\\/grpe-alt.com\\\/test\\\/#organization\"},\"potentialAction\":[{\"@type\":\"SearchAction\",\"target\":{\"@type\":\"EntryPoint\",\"urlTemplate\":\"https:\\\/\\\/grpe-alt.com\\\/test\\\/?s={search_term_string}\"},\"query-input\":{\"@type\":\"PropertyValueSpecification\",\"valueRequired\":true,\"valueName\":\"search_term_string\"}}],\"inLanguage\":\"fr-FR\"},{\"@type\":\"Organization\",\"@id\":\"https:\\\/\\\/grpe-alt.com\\\/test\\\/#organization\",\"name\":\"La sabl\u00e9sienne\",\"url\":\"https:\\\/\\\/grpe-alt.com\\\/test\\\/\",\"logo\":{\"@type\":\"ImageObject\",\"inLanguage\":\"fr-FR\",\"@id\":\"https:\\\/\\\/grpe-alt.com\\\/test\\\/#\\\/schema\\\/logo\\\/image\\\/\",\"url\":\"https:\\\/\\\/grpe-alt.com\\\/test\\\/wp-content\\\/uploads\\\/2024\\\/11\\\/logo-la-sablesienne.png\",\"contentUrl\":\"https:\\\/\\\/grpe-alt.com\\\/test\\\/wp-content\\\/uploads\\\/2024\\\/11\\\/logo-la-sablesienne.png\",\"width\":289,\"height\":130,\"caption\":\"La sabl\u00e9sienne\"},\"image\":{\"@id\":\"https:\\\/\\\/grpe-alt.com\\\/test\\\/#\\\/schema\\\/logo\\\/image\\\/\"}}]}<\/script>\n<!-- \/ Yoast SEO plugin. -->","yoast_head_json":{"title":"T\u00e9moignages - La sabl\u00e9sienne","description":"La sabl\u00e9sienne con\u00e7oit diff\u00e9rents types de g\u00e2teaux pour diff\u00e9rents gouts, tout d\u00e9pend des saveurs qui sont recherch\u00e9","robots":{"index":"index","follow":"follow","max-snippet":"max-snippet:-1","max-image-preview":"max-image-preview:large","max-video-preview":"max-video-preview:-1"},"canonical":"https:\/\/grpe-alt.com\/test\/temoignages\/","og_locale":"fr_FR","og_type":"article","og_title":"T\u00e9moignages - La sabl\u00e9sienne","og_description":"La sabl\u00e9sienne con\u00e7oit diff\u00e9rents types de g\u00e2teaux pour diff\u00e9rents gouts, tout d\u00e9pend des saveurs qui sont recherch\u00e9","og_url":"https:\/\/grpe-alt.com\/test\/temoignages\/","og_site_name":"La sabl\u00e9sienne","article_modified_time":"2024-12-12T08:42:15+00:00","og_image":[{"width":270,"height":348,"url":"https:\/\/grpe-alt.com\/test\/wp-content\/uploads\/2024\/12\/OIP-1.jpg","type":"image\/jpeg"}],"twitter_card":"summary_large_image","twitter_misc":{"Dur\u00e9e de lecture estim\u00e9e":"2 minutes"},"schema":{"@context":"https:\/\/schema.org","@graph":[{"@type":"WebPage","@id":"https:\/\/grpe-alt.com\/test\/temoignages\/","url":"https:\/\/grpe-alt.com\/test\/temoignages\/","name":"T\u00e9moignages - La sabl\u00e9sienne","isPartOf":{"@id":"https:\/\/grpe-alt.com\/test\/#website"},"primaryImageOfPage":{"@id":"https:\/\/grpe-alt.com\/test\/temoignages\/#primaryimage"},"image":{"@id":"https:\/\/grpe-alt.com\/test\/temoignages\/#primaryimage"},"thumbnailUrl":"https:\/\/grpe-alt.com\/test\/wp-content\/uploads\/2024\/12\/OIP-1.jpg","datePublished":"2024-12-12T08:27:28+00:00","dateModified":"2024-12-12T08:42:15+00:00","description":"La sabl\u00e9sienne con\u00e7oit diff\u00e9rents types de g\u00e2teaux pour diff\u00e9rents gouts, tout d\u00e9pend des saveurs qui sont recherch\u00e9","breadcrumb":{"@id":"https:\/\/grpe-alt.com\/test\/temoignages\/#breadcrumb"},"inLanguage":"fr-FR","potentialAction":[{"@type":"ReadAction","target":["https:\/\/grpe-alt.com\/test\/temoignages\/"]}]},{"@type":"ImageObject","inLanguage":"fr-FR","@id":"https:\/\/grpe-alt.com\/test\/temoignages\/#primaryimage","url":"https:\/\/grpe-alt.com\/test\/wp-content\/uploads\/2024\/12\/OIP-1.jpg","contentUrl":"https:\/\/grpe-alt.com\/test\/wp-content\/uploads\/2024\/12\/OIP-1.jpg","width":270,"height":348},{"@type":"BreadcrumbList","@id":"https:\/\/grpe-alt.com\/test\/temoignages\/#breadcrumb","itemListElement":[{"@type":"ListItem","position":1,"name":"Accueil","item":"https:\/\/grpe-alt.com\/test\/"},{"@type":"ListItem","position":2,"name":"T\u00e9moignages"}]},{"@type":"WebSite","@id":"https:\/\/grpe-alt.com\/test\/#website","url":"https:\/\/grpe-alt.com\/test\/","name":"La sabl\u00e9sienne","description":"La sabl\u00e9sienne ","publisher":{"@id":"https:\/\/grpe-alt.com\/test\/#organization"},"potentialAction":[{"@type":"SearchAction","target":{"@type":"EntryPoint","urlTemplate":"https:\/\/grpe-alt.com\/test\/?s={search_term_string}"},"query-input":{"@type":"PropertyValueSpecification","valueRequired":true,"valueName":"search_term_string"}}],"inLanguage":"fr-FR"},{"@type":"Organization","@id":"https:\/\/grpe-alt.com\/test\/#organization","name":"La sabl\u00e9sienne","url":"https:\/\/grpe-alt.com\/test\/","logo":{"@type":"ImageObject","inLanguage":"fr-FR","@id":"https:\/\/grpe-alt.com\/test\/#\/schema\/logo\/image\/","url":"https:\/\/grpe-alt.com\/test\/wp-content\/uploads\/2024\/11\/logo-la-sablesienne.png","contentUrl":"https:\/\/grpe-alt.com\/test\/wp-content\/uploads\/2024\/11\/logo-la-sablesienne.png","width":289,"height":130,"caption":"La sabl\u00e9sienne"},"image":{"@id":"https:\/\/grpe-alt.com\/test\/#\/schema\/logo\/image\/"}}]}},"uagb_featured_image_src":{"full":false,"thumbnail":false,"medium":false,"medium_large":false,"large":false,"1536x1536":false,"2048x2048":false},"uagb_author_info":{"display_name":"g2l7n","author_link":"https:\/\/grpe-alt.com\/test\/author\/g2l7n\/"},"uagb_comment_info":0,"uagb_excerpt":"Cela fait plusieurs ann\u00e9e que la sabl\u00e9sienne et les diff\u00e9rents produits sont consommer avec plusieurs vari\u00e9t\u00e9s de produits proposer depuis de nombreuses ann\u00e9e avec une client\u00e8le accueillante, des gouts savoureux qui fondent le pal\u00e9 et les pupilles gustatives. La qualit\u00e9 artisanale et d&rsquo;exception avec des produits 100% locaux qui sont fourni par diff\u00e9rentes personnes depuis\u2026","_links":{"self":[{"href":"https:\/\/grpe-alt.com\/test\/wp-json\/wp\/v2\/pages\/1008","targetHints":{"allow":["GET"]}}],"collection":[{"href":"https:\/\/grpe-alt.com\/test\/wp-json\/wp\/v2\/pages"}],"about":[{"href":"https:\/\/grpe-alt.com\/test\/wp-json\/wp\/v2\/types\/page"}],"author":[{"embeddable":true,"href":"https:\/\/grpe-alt.com\/test\/wp-json\/wp\/v2\/users\/1"}],"replies":[{"embeddable":true,"href":"https:\/\/grpe-alt.com\/test\/wp-json\/wp\/v2\/comments?post=1008"}],"version-history":[{"count":5,"href":"https:\/\/grpe-alt.com\/test\/wp-json\/wp\/v2\/pages\/1008\/revisions"}],"predecessor-version":[{"id":1018,"href":"https:\/\/grpe-alt.com\/test\/wp-json\/wp\/v2\/pages\/1008\/revisions\/1018"}],"wp:attachment":[{"href":"https:\/\/grpe-alt.com\/test\/wp-json\/wp\/v2\/media?parent=1008"}],"curies":[{"name":"wp","href":"https:\/\/api.w.org\/{rel}","templated":true}]}}