{"id":679,"date":"2024-05-27T09:33:40","date_gmt":"2024-05-27T09:33:40","guid":{"rendered":"https:\/\/grpe-alt.com\/test\/?page_id=679"},"modified":"2024-05-27T11:57:33","modified_gmt":"2024-05-27T11:57:33","slug":"activite","status":"publish","type":"page","link":"https:\/\/grpe-alt.com\/test\/activite\/","title":{"rendered":"Activit\u00e9 de notre salle de sport"},"content":{"rendered":"\n<p>Nous proposons diff\u00e9rentes activit\u00e9s au sein de notre <a href=\"https:\/\/grpe-alt.com\/test\/activite\/\">salle de sport<\/a> comme le Yoga, du renforcement musculaire, de l&rsquo;escalade outdoor,<a href=\"https:\/\/www.fitnesspark.fr\/\">escalade <\/a>sur mur. Ce sont des activit\u00e9 physique qui sont bien pour la sant\u00e9 et pour le mental, cela permet de s&rsquo;\u00e9vader. Notre salle de sport poss\u00e8de du mat\u00e9riel de derni\u00e8re g\u00e9n\u00e9ration <\/p>\n\n\n\n<figure class=\"wp-block-image size-full\"><img loading=\"lazy\" decoding=\"async\" width=\"194\" height=\"259\" src=\"https:\/\/grpe-alt.com\/test\/wp-content\/uploads\/2024\/05\/Renforcement.jpg\" alt=\"On voit diff\u00e9rentes m\u00e9thodes d'entrainement de sort \" class=\"wp-image-706\"\/><figcaption class=\"wp-element-caption\">S\u00e9rie d&rsquo;entrainement en salle <\/figcaption><\/figure>\n\n\n\n<h2 class=\"wp-block-heading\">Horaires <\/h2>\n\n\n\n<p>Nous fonctionnant avec des horaires variable du Lundi au Dimanche hors mis jours ferrier de 9H a 23H30, ou il y a diff\u00e9rents exercices que l&rsquo;ont peut pratiquer en groupe ou tout seul <\/p>\n\n\n\n<p>De 9h \u00e0 11h la salle seras ouverte et accessible avec la carte annuel ou mensuel. Du personnel seras sur place tout les jours d&rsquo;ouverture de 11h \u00e0 22h<\/p>\n\n\n\n<h2 class=\"wp-block-heading\">Tarifs<\/h2>\n\n\n\n<p>Nous proposons diff\u00e9rents tarifs au sin de notre salle de sport avec diff\u00e9rents prix : Le tarif a la journ\u00e9e reviens a 15 euros, le tarif demi-journ\u00e9e est de 7 euros, pour le mensuelle il faut compter 30 euros et le montant annuel est de  49 euros<\/p>\n\n\n\n<h2 class=\"wp-block-heading\">Flux d&rsquo;activit\u00e9s<\/h2>\n\n\n\n<p>Diff\u00e9rentes activit\u00e9s son repr\u00e9senter comme le Yoga, le renforcement musculaire, l&rsquo;escalade.<\/p>\n\n\n\n<h2 class=\"wp-block-heading\">Pr\u00e9sentation de la salle <\/h2>\n\n\n\n<p>Nous proposons diff\u00e9rentes machine de sport de derni\u00e8re g\u00e9n\u00e9ration avec une prise de masse pour certaines machines, et de perte de poids<\/p>\n","protected":false},"excerpt":{"rendered":"<p>Nous proposons diff\u00e9rentes activit\u00e9s au sein de notre salle de sport comme le Yoga, du renforcement musculaire, de l&rsquo;escalade outdoor,escalade sur mur. Ce sont des activit\u00e9 physique qui sont bien pour la sant\u00e9 et pour le mental, cela permet de s&rsquo;\u00e9vader. Notre salle de sport poss\u00e8de du mat\u00e9riel de derni\u00e8re g\u00e9n\u00e9ration Horaires Nous fonctionnant avec [&hellip;]<\/p>\n","protected":false},"author":1,"featured_media":0,"parent":0,"menu_order":0,"comment_status":"closed","ping_status":"closed","template":"","meta":{"_uag_custom_page_level_css":"","site-sidebar-layout":"default","site-content-layout":"","ast-site-content-layout":"default","site-content-style":"default","site-sidebar-style":"default","ast-global-header-display":"","ast-banner-title-visibility":"","ast-main-header-display":"","ast-hfb-above-header-display":"","ast-hfb-below-header-display":"","ast-hfb-mobile-header-display":"","site-post-title":"","ast-breadcrumbs-content":"","ast-featured-img":"","footer-sml-layout":"","ast-disable-related-posts":"","theme-transparent-header-meta":"","adv-header-id-meta":"","stick-header-meta":"","header-above-stick-meta":"","header-main-stick-meta":"","header-below-stick-meta":"","astra-migrate-meta-layouts":"set","ast-page-background-enabled":"default","ast-page-background-meta":{"desktop":{"background-color":"var(--ast-global-color-4)","background-image":"","background-repeat":"repeat","background-position":"center center","background-size":"auto","background-attachment":"scroll","background-type":"","background-media":"","overlay-type":"","overlay-color":"","overlay-opacity":"","overlay-gradient":""},"tablet":{"background-color":"","background-image":"","background-repeat":"repeat","background-position":"center center","background-size":"auto","background-attachment":"scroll","background-type":"","background-media":"","overlay-type":"","overlay-color":"","overlay-opacity":"","overlay-gradient":""},"mobile":{"background-color":"","background-image":"","background-repeat":"repeat","background-position":"center center","background-size":"auto","background-attachment":"scroll","background-type":"","background-media":"","overlay-type":"","overlay-color":"","overlay-opacity":"","overlay-gradient":""}},"ast-content-background-meta":{"desktop":{"background-color":"var(--ast-global-color-5)","background-image":"","background-repeat":"repeat","background-position":"center center","background-size":"auto","background-attachment":"scroll","background-type":"","background-media":"","overlay-type":"","overlay-color":"","overlay-opacity":"","overlay-gradient":""},"tablet":{"background-color":"var(--ast-global-color-5)","background-image":"","background-repeat":"repeat","background-position":"center center","background-size":"auto","background-attachment":"scroll","background-type":"","background-media":"","overlay-type":"","overlay-color":"","overlay-opacity":"","overlay-gradient":""},"mobile":{"background-color":"var(--ast-global-color-5)","background-image":"","background-repeat":"repeat","background-position":"center center","background-size":"auto","background-attachment":"scroll","background-type":"","background-media":"","overlay-type":"","overlay-color":"","overlay-opacity":"","overlay-gradient":""}},"footnotes":""},"class_list":["post-679","page","type-page","status-publish","hentry"],"yoast_head":"<!-- This site is optimized with the Yoast SEO plugin v27.6 - https:\/\/yoast.com\/product\/yoast-seo-wordpress\/ -->\n<title>Activit\u00e9 de notre salle de sport - La sabl\u00e9sienne<\/title>\n<meta name=\"robots\" content=\"index, follow, max-snippet:-1, max-image-preview:large, max-video-preview:-1\" \/>\n<link rel=\"canonical\" href=\"https:\/\/grpe-alt.com\/test\/activite\/\" \/>\n<meta property=\"og:locale\" content=\"fr_FR\" \/>\n<meta property=\"og:type\" content=\"article\" \/>\n<meta property=\"og:title\" content=\"Activit\u00e9 de notre salle de sport - La sabl\u00e9sienne\" \/>\n<meta property=\"og:description\" content=\"Nous proposons diff\u00e9rentes activit\u00e9s au sein de notre salle de sport comme le Yoga, du renforcement musculaire, de l&rsquo;escalade outdoor,escalade sur mur. Ce sont des activit\u00e9 physique qui sont bien pour la sant\u00e9 et pour le mental, cela permet de s&rsquo;\u00e9vader. Notre salle de sport poss\u00e8de du mat\u00e9riel de derni\u00e8re g\u00e9n\u00e9ration Horaires Nous fonctionnant avec [&hellip;]\" \/>\n<meta property=\"og:url\" content=\"https:\/\/grpe-alt.com\/test\/activite\/\" \/>\n<meta property=\"og:site_name\" content=\"La sabl\u00e9sienne\" \/>\n<meta property=\"article:modified_time\" content=\"2024-05-27T11:57:33+00:00\" \/>\n<meta property=\"og:image\" content=\"https:\/\/grpe-alt.com\/test\/wp-content\/uploads\/2024\/05\/Renforcement.jpg\" \/>\n<meta name=\"twitter:card\" content=\"summary_large_image\" \/>\n<meta name=\"twitter:label1\" content=\"Dur\u00e9e de lecture estim\u00e9e\" \/>\n\t<meta name=\"twitter:data1\" content=\"2 minutes\" \/>\n<script type=\"application\/ld+json\" class=\"yoast-schema-graph\">{\"@context\":\"https:\\\/\\\/schema.org\",\"@graph\":[{\"@type\":\"WebPage\",\"@id\":\"https:\\\/\\\/grpe-alt.com\\\/test\\\/activite\\\/\",\"url\":\"https:\\\/\\\/grpe-alt.com\\\/test\\\/activite\\\/\",\"name\":\"Activit\u00e9 de notre salle de sport - La sabl\u00e9sienne\",\"isPartOf\":{\"@id\":\"https:\\\/\\\/grpe-alt.com\\\/test\\\/#website\"},\"primaryImageOfPage\":{\"@id\":\"https:\\\/\\\/grpe-alt.com\\\/test\\\/activite\\\/#primaryimage\"},\"image\":{\"@id\":\"https:\\\/\\\/grpe-alt.com\\\/test\\\/activite\\\/#primaryimage\"},\"thumbnailUrl\":\"https:\\\/\\\/grpe-alt.com\\\/test\\\/wp-content\\\/uploads\\\/2024\\\/05\\\/Renforcement.jpg\",\"datePublished\":\"2024-05-27T09:33:40+00:00\",\"dateModified\":\"2024-05-27T11:57:33+00:00\",\"breadcrumb\":{\"@id\":\"https:\\\/\\\/grpe-alt.com\\\/test\\\/activite\\\/#breadcrumb\"},\"inLanguage\":\"fr-FR\",\"potentialAction\":[{\"@type\":\"ReadAction\",\"target\":[\"https:\\\/\\\/grpe-alt.com\\\/test\\\/activite\\\/\"]}]},{\"@type\":\"ImageObject\",\"inLanguage\":\"fr-FR\",\"@id\":\"https:\\\/\\\/grpe-alt.com\\\/test\\\/activite\\\/#primaryimage\",\"url\":\"https:\\\/\\\/grpe-alt.com\\\/test\\\/wp-content\\\/uploads\\\/2024\\\/05\\\/Renforcement.jpg\",\"contentUrl\":\"https:\\\/\\\/grpe-alt.com\\\/test\\\/wp-content\\\/uploads\\\/2024\\\/05\\\/Renforcement.jpg\",\"width\":194,\"height\":259,\"caption\":\"S\u00e9rie d'entrainement en salle\"},{\"@type\":\"BreadcrumbList\",\"@id\":\"https:\\\/\\\/grpe-alt.com\\\/test\\\/activite\\\/#breadcrumb\",\"itemListElement\":[{\"@type\":\"ListItem\",\"position\":1,\"name\":\"Accueil\",\"item\":\"https:\\\/\\\/grpe-alt.com\\\/test\\\/\"},{\"@type\":\"ListItem\",\"position\":2,\"name\":\"Activit\u00e9 de notre salle de sport\"}]},{\"@type\":\"WebSite\",\"@id\":\"https:\\\/\\\/grpe-alt.com\\\/test\\\/#website\",\"url\":\"https:\\\/\\\/grpe-alt.com\\\/test\\\/\",\"name\":\"La sabl\u00e9sienne\",\"description\":\"La sabl\u00e9sienne \",\"publisher\":{\"@id\":\"https:\\\/\\\/grpe-alt.com\\\/test\\\/#organization\"},\"potentialAction\":[{\"@type\":\"SearchAction\",\"target\":{\"@type\":\"EntryPoint\",\"urlTemplate\":\"https:\\\/\\\/grpe-alt.com\\\/test\\\/?s={search_term_string}\"},\"query-input\":{\"@type\":\"PropertyValueSpecification\",\"valueRequired\":true,\"valueName\":\"search_term_string\"}}],\"inLanguage\":\"fr-FR\"},{\"@type\":\"Organization\",\"@id\":\"https:\\\/\\\/grpe-alt.com\\\/test\\\/#organization\",\"name\":\"La sabl\u00e9sienne\",\"url\":\"https:\\\/\\\/grpe-alt.com\\\/test\\\/\",\"logo\":{\"@type\":\"ImageObject\",\"inLanguage\":\"fr-FR\",\"@id\":\"https:\\\/\\\/grpe-alt.com\\\/test\\\/#\\\/schema\\\/logo\\\/image\\\/\",\"url\":\"https:\\\/\\\/grpe-alt.com\\\/test\\\/wp-content\\\/uploads\\\/2024\\\/11\\\/logo-la-sablesienne.png\",\"contentUrl\":\"https:\\\/\\\/grpe-alt.com\\\/test\\\/wp-content\\\/uploads\\\/2024\\\/11\\\/logo-la-sablesienne.png\",\"width\":289,\"height\":130,\"caption\":\"La sabl\u00e9sienne\"},\"image\":{\"@id\":\"https:\\\/\\\/grpe-alt.com\\\/test\\\/#\\\/schema\\\/logo\\\/image\\\/\"}}]}<\/script>\n<!-- \/ Yoast SEO plugin. -->","yoast_head_json":{"title":"Activit\u00e9 de notre salle de sport - La sabl\u00e9sienne","robots":{"index":"index","follow":"follow","max-snippet":"max-snippet:-1","max-image-preview":"max-image-preview:large","max-video-preview":"max-video-preview:-1"},"canonical":"https:\/\/grpe-alt.com\/test\/activite\/","og_locale":"fr_FR","og_type":"article","og_title":"Activit\u00e9 de notre salle de sport - La sabl\u00e9sienne","og_description":"Nous proposons diff\u00e9rentes activit\u00e9s au sein de notre salle de sport comme le Yoga, du renforcement musculaire, de l&rsquo;escalade outdoor,escalade sur mur. Ce sont des activit\u00e9 physique qui sont bien pour la sant\u00e9 et pour le mental, cela permet de s&rsquo;\u00e9vader. Notre salle de sport poss\u00e8de du mat\u00e9riel de derni\u00e8re g\u00e9n\u00e9ration Horaires Nous fonctionnant avec [&hellip;]","og_url":"https:\/\/grpe-alt.com\/test\/activite\/","og_site_name":"La sabl\u00e9sienne","article_modified_time":"2024-05-27T11:57:33+00:00","og_image":[{"url":"https:\/\/grpe-alt.com\/test\/wp-content\/uploads\/2024\/05\/Renforcement.jpg","type":"","width":"","height":""}],"twitter_card":"summary_large_image","twitter_misc":{"Dur\u00e9e de lecture estim\u00e9e":"2 minutes"},"schema":{"@context":"https:\/\/schema.org","@graph":[{"@type":"WebPage","@id":"https:\/\/grpe-alt.com\/test\/activite\/","url":"https:\/\/grpe-alt.com\/test\/activite\/","name":"Activit\u00e9 de notre salle de sport - La sabl\u00e9sienne","isPartOf":{"@id":"https:\/\/grpe-alt.com\/test\/#website"},"primaryImageOfPage":{"@id":"https:\/\/grpe-alt.com\/test\/activite\/#primaryimage"},"image":{"@id":"https:\/\/grpe-alt.com\/test\/activite\/#primaryimage"},"thumbnailUrl":"https:\/\/grpe-alt.com\/test\/wp-content\/uploads\/2024\/05\/Renforcement.jpg","datePublished":"2024-05-27T09:33:40+00:00","dateModified":"2024-05-27T11:57:33+00:00","breadcrumb":{"@id":"https:\/\/grpe-alt.com\/test\/activite\/#breadcrumb"},"inLanguage":"fr-FR","potentialAction":[{"@type":"ReadAction","target":["https:\/\/grpe-alt.com\/test\/activite\/"]}]},{"@type":"ImageObject","inLanguage":"fr-FR","@id":"https:\/\/grpe-alt.com\/test\/activite\/#primaryimage","url":"https:\/\/grpe-alt.com\/test\/wp-content\/uploads\/2024\/05\/Renforcement.jpg","contentUrl":"https:\/\/grpe-alt.com\/test\/wp-content\/uploads\/2024\/05\/Renforcement.jpg","width":194,"height":259,"caption":"S\u00e9rie d'entrainement en salle"},{"@type":"BreadcrumbList","@id":"https:\/\/grpe-alt.com\/test\/activite\/#breadcrumb","itemListElement":[{"@type":"ListItem","position":1,"name":"Accueil","item":"https:\/\/grpe-alt.com\/test\/"},{"@type":"ListItem","position":2,"name":"Activit\u00e9 de notre salle de sport"}]},{"@type":"WebSite","@id":"https:\/\/grpe-alt.com\/test\/#website","url":"https:\/\/grpe-alt.com\/test\/","name":"La sabl\u00e9sienne","description":"La sabl\u00e9sienne ","publisher":{"@id":"https:\/\/grpe-alt.com\/test\/#organization"},"potentialAction":[{"@type":"SearchAction","target":{"@type":"EntryPoint","urlTemplate":"https:\/\/grpe-alt.com\/test\/?s={search_term_string}"},"query-input":{"@type":"PropertyValueSpecification","valueRequired":true,"valueName":"search_term_string"}}],"inLanguage":"fr-FR"},{"@type":"Organization","@id":"https:\/\/grpe-alt.com\/test\/#organization","name":"La sabl\u00e9sienne","url":"https:\/\/grpe-alt.com\/test\/","logo":{"@type":"ImageObject","inLanguage":"fr-FR","@id":"https:\/\/grpe-alt.com\/test\/#\/schema\/logo\/image\/","url":"https:\/\/grpe-alt.com\/test\/wp-content\/uploads\/2024\/11\/logo-la-sablesienne.png","contentUrl":"https:\/\/grpe-alt.com\/test\/wp-content\/uploads\/2024\/11\/logo-la-sablesienne.png","width":289,"height":130,"caption":"La sabl\u00e9sienne"},"image":{"@id":"https:\/\/grpe-alt.com\/test\/#\/schema\/logo\/image\/"}}]}},"uagb_featured_image_src":{"full":false,"thumbnail":false,"medium":false,"medium_large":false,"large":false,"1536x1536":false,"2048x2048":false},"uagb_author_info":{"display_name":"g2l7n","author_link":"https:\/\/grpe-alt.com\/test\/author\/g2l7n\/"},"uagb_comment_info":0,"uagb_excerpt":"Nous proposons diff\u00e9rentes activit\u00e9s au sein de notre salle de sport comme le Yoga, du renforcement musculaire, de l&rsquo;escalade outdoor,escalade sur mur. Ce sont des activit\u00e9 physique qui sont bien pour la sant\u00e9 et pour le mental, cela permet de s&rsquo;\u00e9vader. Notre salle de sport poss\u00e8de du mat\u00e9riel de derni\u00e8re g\u00e9n\u00e9ration Horaires Nous fonctionnant avec\u2026","_links":{"self":[{"href":"https:\/\/grpe-alt.com\/test\/wp-json\/wp\/v2\/pages\/679","targetHints":{"allow":["GET"]}}],"collection":[{"href":"https:\/\/grpe-alt.com\/test\/wp-json\/wp\/v2\/pages"}],"about":[{"href":"https:\/\/grpe-alt.com\/test\/wp-json\/wp\/v2\/types\/page"}],"author":[{"embeddable":true,"href":"https:\/\/grpe-alt.com\/test\/wp-json\/wp\/v2\/users\/1"}],"replies":[{"embeddable":true,"href":"https:\/\/grpe-alt.com\/test\/wp-json\/wp\/v2\/comments?post=679"}],"version-history":[{"count":19,"href":"https:\/\/grpe-alt.com\/test\/wp-json\/wp\/v2\/pages\/679\/revisions"}],"predecessor-version":[{"id":1034,"href":"https:\/\/grpe-alt.com\/test\/wp-json\/wp\/v2\/pages\/679\/revisions\/1034"}],"wp:attachment":[{"href":"https:\/\/grpe-alt.com\/test\/wp-json\/wp\/v2\/media?parent=679"}],"curies":[{"name":"wp","href":"https:\/\/api.w.org\/{rel}","templated":true}]}}